{"id":10280,"date":"2024-06-06T08:27:52","date_gmt":"2024-06-06T08:27:52","guid":{"rendered":"https:\/\/alustorealuminyum.com\/?page_id=10280"},"modified":"2024-06-10T14:46:42","modified_gmt":"2024-06-10T14:46:42","slug":"musteri-memnuniyeti-politikasi","status":"publish","type":"page","link":"https:\/\/alustorealuminyum.com\/de\/musteri-memnuniyeti-politikasi\/","title":{"rendered":"M\u00fc\u015fteri Memnuniyeti Politikas\u0131"},"content":{"rendered":"<div data-elementor-type=\"wp-page\" data-elementor-id=\"10280\" class=\"elementor elementor-10280\">\n\t\t\t\t<div class=\"elementor-element elementor-element-a92dd64 e-flex e-con-boxed e-con e-parent\" data-id=\"a92dd64\" data-element_type=\"container\" data-e-type=\"container\">\n\t\t\t\t\t<div class=\"e-con-inner\">\n\t\t\t\t<div class=\"elementor-element elementor-element-8f4de6b elementor-widget__width-initial elementor-widget elementor-widget-text-editor\" data-id=\"8f4de6b\" data-element_type=\"widget\" data-e-type=\"widget\" data-widget_type=\"text-editor.default\">\n\t\t\t\t<div class=\"elementor-widget-container\">\n\t\t\t\t\t\t\t\t\tALUM\u0130NYUM EKSTR\u00dcZYON \u00dcR\u00dcNLER\u0130\n\t\t\t\t\t\t\t\t<\/div>\n\t\t\t\t<\/div>\n\t\t\t\t<div class=\"elementor-element elementor-element-2ce5261 elementor-widget elementor-widget-heading\" data-id=\"2ce5261\" data-element_type=\"widget\" data-e-type=\"widget\" data-widget_type=\"heading.default\">\n\t\t\t\t<div class=\"elementor-widget-container\">\n\t\t\t\t\t<h2 class=\"elementor-heading-title elementor-size-default\">M\u00fc\u015fteri Memnuniyeti Politikas\u0131\n<\/h2>\t\t\t\t<\/div>\n\t\t\t\t<\/div>\n\t\t\t\t<div class=\"elementor-element elementor-element-6f44259 elementor-widget elementor-widget-text-editor\" data-id=\"6f44259\" data-element_type=\"widget\" data-e-type=\"widget\" data-widget_type=\"text-editor.default\">\n\t\t\t\t<div class=\"elementor-widget-container\">\n\t\t\t\t\t\t\t\t\t<p>Sat\u0131\u015f \u00f6ncesi ve sonras\u0131 m\u00fc\u015fterinin ihtiya\u00e7 ve beklentileri tam olarak kar\u015f\u0131layan bir anlay\u0131\u015f i\u00e7inde, m\u00fc\u015fterilerin talepleri ve ihtiya\u00e7lar\u0131 do\u011frultusunda \u00e7\u00f6z\u00fcmler sa\u011flamaktay\u0131z.<\/p>\t\t\t\t\t\t\t\t<\/div>\n\t\t\t\t<\/div>\n\t\t\t\t<div class=\"elementor-element elementor-element-468bc60 elementor-widget elementor-widget-heading\" data-id=\"468bc60\" data-element_type=\"widget\" data-e-type=\"widget\" data-widget_type=\"heading.default\">\n\t\t\t\t<div class=\"elementor-widget-container\">\n\t\t\t\t\t<h2 class=\"elementor-heading-title elementor-size-default\">Misyonumuz\n<\/h2>\t\t\t\t<\/div>\n\t\t\t\t<\/div>\n\t\t\t\t<div class=\"elementor-element elementor-element-1051867 elementor-widget elementor-widget-text-editor\" data-id=\"1051867\" data-element_type=\"widget\" data-e-type=\"widget\" data-widget_type=\"text-editor.default\">\n\t\t\t\t<div class=\"elementor-widget-container\">\n\t\t\t\t\t\t\t\t\t<p class=\"translation-block\">\u2013 M\u00fc\u015fterilerin ihtiya\u00e7 ve taleplerini en h\u0131zl\u0131 \u015fekilde kar\u015f\u0131lamak.<br>\u2013 Tam zaman\u0131nda \u00fcretime ve teslimata \u00f6nem vermek.<br>\u2013 Kaliteyi temel prensibimiz olarak g\u00f6rmek.<br>\u2013 M\u00fc\u015fteri beklentilerinin \u00fczerinde m\u00fc\u015fteriye katk\u0131 sa\u011flamay\u0131 hedeflemek.<\/p>\t\t\t\t\t\t\t\t<\/div>\n\t\t\t\t<\/div>\n\t\t\t\t<div class=\"elementor-element elementor-element-1d424a9 elementor-widget elementor-widget-heading\" data-id=\"1d424a9\" data-element_type=\"widget\" data-e-type=\"widget\" data-widget_type=\"heading.default\">\n\t\t\t\t<div class=\"elementor-widget-container\">\n\t\t\t\t\t<h2 class=\"elementor-heading-title elementor-size-default\">Vizyonumuz\n<\/h2>\t\t\t\t<\/div>\n\t\t\t\t<\/div>\n\t\t\t\t<div class=\"elementor-element elementor-element-8ed4490 elementor-widget elementor-widget-text-editor\" data-id=\"8ed4490\" data-element_type=\"widget\" data-e-type=\"widget\" data-widget_type=\"text-editor.default\">\n\t\t\t\t<div class=\"elementor-widget-container\">\n\t\t\t\t\t\t\t\t\t<p class=\"translation-block\">\u2013 Mamul olu\u015fumuna en yak\u0131n \u00f6l\u00e7\u00fc ve dizaynda \u00fcr\u00fcnleri m\u00fc\u015fteriye g\u00f6ndermek.<br>\u2013 M\u00fc\u015fterinin \u00fcr\u00fcn geli\u015ftirmesine katk\u0131da bulunacak ekipler olu\u015fturmak.<br>\u2013 M\u00fc\u015fteriye en y\u00fcksek kalitede mal tedarik etmek i\u00e7in \u00e7al\u0131\u015fmalar yapmak.<\/p>\t\t\t\t\t\t\t\t<\/div>\n\t\t\t\t<\/div>\n\t\t\t\t<div class=\"elementor-element elementor-element-4f333fb elementor-widget elementor-widget-heading\" data-id=\"4f333fb\" data-element_type=\"widget\" data-e-type=\"widget\" data-widget_type=\"heading.default\">\n\t\t\t\t<div class=\"elementor-widget-container\">\n\t\t\t\t\t<h2 class=\"elementor-heading-title elementor-size-default\">De\u011ferler<\/h2>\t\t\t\t<\/div>\n\t\t\t\t<\/div>\n\t\t\t\t<div class=\"elementor-element elementor-element-935ad0a elementor-widget elementor-widget-text-editor\" data-id=\"935ad0a\" data-element_type=\"widget\" data-e-type=\"widget\" data-widget_type=\"text-editor.default\">\n\t\t\t\t<div class=\"elementor-widget-container\">\n\t\t\t\t\t\t\t\t\t<p class=\"translation-block\">\u2013 M\u00fc\u015fterilerimizle olan ileti\u015fimlerimizde a\u00e7\u0131k, samimi, yap\u0131c\u0131 ve sayg\u0131l\u0131 davranmak.<br>\u2013 M\u00fc\u015fterilerimizle olan ili\u015fkilerimizde iyi niyetli, adil, ahlakl\u0131, d\u00fcr\u00fcst ve g\u00fcvenilir olmay\u0131 di\u011fer kazan\u00e7lara tercih etmek.<br>\u2013 Yat\u0131r\u0131mlar\u0131m\u0131zdan ald\u0131\u011f\u0131m\u0131z en \u00f6nemli geri d\u00f6n\u00fc\u015f\u00fcn, m\u00fc\u015fterilerimizin memnuniyeti oldu\u011funu bilmek.<br>\u2013 Teknoloji, kalite, g\u00fcven ve h\u0131zl\u0131 teslim ile memnun m\u00fc\u015fteriler olu\u015fturmak.<br>\u2013 M\u00fc\u015fterilerimize de\u011fer yaratabilmek i\u00e7in ihtiya\u00e7lara m\u00fc\u015fteri g\u00f6z\u00fcyle bakmak ve m\u00fc\u015fterilerimizin sesine kulak vermek.<\/p>\t\t\t\t\t\t\t\t<\/div>\n\t\t\t\t<\/div>\n\t\t\t\t\t<\/div>\n\t\t\t\t<\/div>\n\t\t\t\t<\/div>","protected":false},"excerpt":{"rendered":"<p>ALUM\u0130NYUM EKSTR\u00dcZYON \u00dcR\u00dcNLER\u0130 M\u00fc\u015fteri Memnuniyeti Politikas\u0131 Sat\u0131\u015f \u00f6ncesi ve sonras\u0131 m\u00fc\u015fterinin ihtiya\u00e7 ve beklentileri tam olarak kar\u015f\u0131layan bir anlay\u0131\u015f i\u00e7inde, m\u00fc\u015fterilerin talepleri ve ihtiya\u00e7lar\u0131 do\u011frultusunda \u00e7\u00f6z\u00fcmler sa\u011flamaktay\u0131z. Misyonumuz \u2013 M\u00fc\u015fterilerin ihtiya\u00e7 ve taleplerini en h\u0131zl\u0131 \u015fekilde kar\u015f\u0131lamak.\u2013 Tam zaman\u0131nda \u00fcretime ve teslimata \u00f6nem vermek.\u2013 Kaliteyi temel prensibimiz olarak g\u00f6rmek.\u2013 M\u00fc\u015fteri beklentilerinin \u00fczerinde m\u00fc\u015fteriye katk\u0131 sa\u011flamay\u0131 [&hellip;]<\/p>\n","protected":false},"author":1,"featured_media":0,"parent":0,"menu_order":0,"comment_status":"closed","ping_status":"closed","template":"","meta":{"footnotes":""},"class_list":["post-10280","page","type-page","status-publish","hentry"],"_links":{"self":[{"href":"https:\/\/alustorealuminyum.com\/de\/wp-json\/wp\/v2\/pages\/10280","targetHints":{"allow":["GET"]}}],"collection":[{"href":"https:\/\/alustorealuminyum.com\/de\/wp-json\/wp\/v2\/pages"}],"about":[{"href":"https:\/\/alustorealuminyum.com\/de\/wp-json\/wp\/v2\/types\/page"}],"author":[{"embeddable":true,"href":"https:\/\/alustorealuminyum.com\/de\/wp-json\/wp\/v2\/users\/1"}],"replies":[{"embeddable":true,"href":"https:\/\/alustorealuminyum.com\/de\/wp-json\/wp\/v2\/comments?post=10280"}],"version-history":[{"count":4,"href":"https:\/\/alustorealuminyum.com\/de\/wp-json\/wp\/v2\/pages\/10280\/revisions"}],"predecessor-version":[{"id":10512,"href":"https:\/\/alustorealuminyum.com\/de\/wp-json\/wp\/v2\/pages\/10280\/revisions\/10512"}],"wp:attachment":[{"href":"https:\/\/alustorealuminyum.com\/de\/wp-json\/wp\/v2\/media?parent=10280"}],"curies":[{"name":"wp","href":"https:\/\/api.w.org\/{rel}","templated":true}]}}