{"id":10282,"date":"2024-06-06T08:28:04","date_gmt":"2024-06-06T08:28:04","guid":{"rendered":"https:\/\/alustorealuminyum.com\/?page_id=10282"},"modified":"2024-06-10T14:47:33","modified_gmt":"2024-06-10T14:47:33","slug":"is-sagligi-ve-guvenligi-politikamiz","status":"publish","type":"page","link":"https:\/\/alustorealuminyum.com\/de\/is-sagligi-ve-guvenligi-politikamiz\/","title":{"rendered":"\u0130\u015f Sa\u011fl\u0131\u011f\u0131 Ve G\u00fcvenli\u011fi Politikam\u0131z"},"content":{"rendered":"<div data-elementor-type=\"wp-page\" data-elementor-id=\"10282\" class=\"elementor elementor-10282\">\n\t\t\t\t<div class=\"elementor-element elementor-element-a6de139 e-flex e-con-boxed e-con e-parent\" data-id=\"a6de139\" data-element_type=\"container\" data-e-type=\"container\">\n\t\t\t\t\t<div class=\"e-con-inner\">\n\t\t\t\t<div class=\"elementor-element elementor-element-5681da4 elementor-widget__width-initial elementor-widget elementor-widget-text-editor\" data-id=\"5681da4\" data-element_type=\"widget\" data-e-type=\"widget\" data-widget_type=\"text-editor.default\">\n\t\t\t\t<div class=\"elementor-widget-container\">\n\t\t\t\t\t\t\t\t\tALUM\u0130NYUM EKSTR\u00dcZYON \u00dcR\u00dcNLER\u0130\n\t\t\t\t\t\t\t\t<\/div>\n\t\t\t\t<\/div>\n\t\t\t\t<div class=\"elementor-element elementor-element-dec5c85 elementor-widget elementor-widget-heading\" data-id=\"dec5c85\" data-element_type=\"widget\" data-e-type=\"widget\" data-widget_type=\"heading.default\">\n\t\t\t\t<div class=\"elementor-widget-container\">\n\t\t\t\t\t<h2 class=\"elementor-heading-title elementor-size-default\">\u0130\u015f Sa\u011fl\u0131\u011f\u0131 ve G\u00fcvenli\u011fi Politikam\u0131z\n<\/h2>\t\t\t\t<\/div>\n\t\t\t\t<\/div>\n\t\t\t\t<div class=\"elementor-element elementor-element-b7742c7 elementor-widget elementor-widget-text-editor\" data-id=\"b7742c7\" data-element_type=\"widget\" data-e-type=\"widget\" data-widget_type=\"text-editor.default\">\n\t\t\t\t<div class=\"elementor-widget-container\">\n\t\t\t\t\t\t\t\t\tSat\u0131\u015f \u00f6ncesi ve sonras\u0131 m\u00fc\u015fterinin ihtiya\u00e7 ve beklentileri tam olarak kar\u015f\u0131layan bir anlay\u0131\u015f i\u00e7inde, m\u00fc\u015fterilerin talepleri ve ihtiya\u00e7lar\u0131 do\u011frultusunda \u00e7\u00f6z\u00fcmler sa\u011flamaktay\u0131z.\n\n\t\t\t\t\t\t\t\t<\/div>\n\t\t\t\t<\/div>\n\t\t\t\t<div class=\"elementor-element elementor-element-c0bec33 elementor-widget elementor-widget-heading\" data-id=\"c0bec33\" data-element_type=\"widget\" data-e-type=\"widget\" data-widget_type=\"heading.default\">\n\t\t\t\t<div class=\"elementor-widget-container\">\n\t\t\t\t\t<h2 class=\"elementor-heading-title elementor-size-default\">Misyonumuz\n<\/h2>\t\t\t\t<\/div>\n\t\t\t\t<\/div>\n\t\t\t\t<div class=\"elementor-element elementor-element-ca88efb elementor-widget elementor-widget-text-editor\" data-id=\"ca88efb\" data-element_type=\"widget\" data-e-type=\"widget\" data-widget_type=\"text-editor.default\">\n\t\t\t\t<div class=\"elementor-widget-container\">\n\t\t\t\t\t\t\t\t\t<p class=\"translation-block\">\u2013 \u0130\u015f sa\u011fl\u0131\u011f\u0131 ve g\u00fcvenli\u011fi i\u00e7in gerekli olan t\u00fcm tedbirleri almak.<br><br>\u2013 \u00c7al\u0131\u015fanlar\u0131m\u0131z\u0131n yapt\u0131klar\u0131 i\u015fe g\u00f6re gerekli olan koruyucu malzemelerini temin etmek ve kullanmalar\u0131n\u0131 sa\u011flamak.<br><br>\u2013 Makine ve ekipmanlar\u0131n, hareketli ve d\u00f6ner k\u0131s\u0131mlar\u0131n\u0131n muhafazalar\u0131n\u0131n kullan\u0131lmas\u0131n\u0131 sa\u011flamak.<\/p>\t\t\t\t\t\t\t\t<\/div>\n\t\t\t\t<\/div>\n\t\t\t\t<div class=\"elementor-element elementor-element-c9e011c elementor-widget elementor-widget-heading\" data-id=\"c9e011c\" data-element_type=\"widget\" data-e-type=\"widget\" data-widget_type=\"heading.default\">\n\t\t\t\t<div class=\"elementor-widget-container\">\n\t\t\t\t\t<h2 class=\"elementor-heading-title elementor-size-default\">Vizyonumuz\n<\/h2>\t\t\t\t<\/div>\n\t\t\t\t<\/div>\n\t\t\t\t<div class=\"elementor-element elementor-element-53c950f elementor-widget elementor-widget-text-editor\" data-id=\"53c950f\" data-element_type=\"widget\" data-e-type=\"widget\" data-widget_type=\"text-editor.default\">\n\t\t\t\t<div class=\"elementor-widget-container\">\n\t\t\t\t\t\t\t\t\t<div class=\"elementor-element elementor-element-57d9052 elementor-align-center elementor-widget elementor-widget-etheme_advanced_headline\" data-id=\"57d9052\" data-element_type=\"widget\" data-widget_type=\"etheme_advanced_headline.default\"><div class=\"elementor-widget-container\"><div class=\"etheme-a-h-wrapper\"><p class=\"etheme-a-h-text-after\">\u2013 \u00c7al\u0131\u015fanlar\u0131m\u0131z\u0131n beden g\u00fcc\u00fcn\u00fc az kullanacak \u015fekilde makine ve ekipman geli\u015ftirmelerini takip etmek.<\/p><\/div><\/div><\/div><div class=\"elementor-element elementor-element-1e8ed74 elementor-align-center elementor-widget elementor-widget-etheme_advanced_headline\" data-id=\"1e8ed74\" data-element_type=\"widget\" data-widget_type=\"etheme_advanced_headline.default\"><div class=\"elementor-widget-container\"><div class=\"etheme-a-h-wrapper\">\u00a0<\/div><\/div><\/div>\t\t\t\t\t\t\t\t<\/div>\n\t\t\t\t<\/div>\n\t\t\t\t<div class=\"elementor-element elementor-element-feb221b elementor-widget elementor-widget-heading\" data-id=\"feb221b\" data-element_type=\"widget\" data-e-type=\"widget\" data-widget_type=\"heading.default\">\n\t\t\t\t<div class=\"elementor-widget-container\">\n\t\t\t\t\t<h2 class=\"elementor-heading-title elementor-size-default\">De\u011ferler<\/h2>\t\t\t\t<\/div>\n\t\t\t\t<\/div>\n\t\t\t\t<div class=\"elementor-element elementor-element-238e7bd elementor-widget elementor-widget-text-editor\" data-id=\"238e7bd\" data-element_type=\"widget\" data-e-type=\"widget\" data-widget_type=\"text-editor.default\">\n\t\t\t\t<div class=\"elementor-widget-container\">\n\t\t\t\t\t\t\t\t\t<p class=\"translation-block\">\u2013 \u00c7al\u0131\u015fanlar\u0131m\u0131z\u0131n mutlulu\u011fu ve sa\u011fl\u0131\u011f\u0131 i\u00e7in \u00e7al\u0131\u015fmalar yapmak.<br><br>\u2013 \u0130\u015f kazalar\u0131n\u0131n engellenebilir oldu\u011funa inanmak.<br><br>\u2013 Yapt\u0131\u011f\u0131m\u0131z hi\u00e7bir \u00e7al\u0131\u015fmada, \u00e7al\u0131\u015fanlar\u0131m\u0131z\u0131n sa\u011fl\u0131k ve g\u00fcvenli\u011finden \u00f6d\u00fcn vermemek.<br><br>\u2013 Yasalar ve toplumsal de\u011ferler \u0131\u015f\u0131\u011f\u0131nda \u00e7al\u0131\u015fmak.<\/p>\t\t\t\t\t\t\t\t<\/div>\n\t\t\t\t<\/div>\n\t\t\t\t\t<\/div>\n\t\t\t\t<\/div>\n\t\t\t\t<\/div>","protected":false},"excerpt":{"rendered":"<p>ALUM\u0130NYUM EKSTR\u00dcZYON \u00dcR\u00dcNLER\u0130 \u0130\u015f Sa\u011fl\u0131\u011f\u0131 ve G\u00fcvenli\u011fi Politikam\u0131z Sat\u0131\u015f \u00f6ncesi ve sonras\u0131 m\u00fc\u015fterinin ihtiya\u00e7 ve beklentileri tam olarak kar\u015f\u0131layan bir anlay\u0131\u015f i\u00e7inde, m\u00fc\u015fterilerin talepleri ve ihtiya\u00e7lar\u0131 do\u011frultusunda \u00e7\u00f6z\u00fcmler sa\u011flamaktay\u0131z. Misyonumuz \u2013 \u0130\u015f sa\u011fl\u0131\u011f\u0131 ve g\u00fcvenli\u011fi i\u00e7in gerekli olan t\u00fcm tedbirleri almak. \u2013 \u00c7al\u0131\u015fanlar\u0131m\u0131z\u0131n yapt\u0131klar\u0131 i\u015fe g\u00f6re gerekli olan koruyucu malzemelerini temin etmek ve kullanmalar\u0131n\u0131 sa\u011flamak. [&hellip;]<\/p>\n","protected":false},"author":1,"featured_media":0,"parent":0,"menu_order":0,"comment_status":"closed","ping_status":"closed","template":"","meta":{"footnotes":""},"class_list":["post-10282","page","type-page","status-publish","hentry"],"_links":{"self":[{"href":"https:\/\/alustorealuminyum.com\/de\/wp-json\/wp\/v2\/pages\/10282","targetHints":{"allow":["GET"]}}],"collection":[{"href":"https:\/\/alustorealuminyum.com\/de\/wp-json\/wp\/v2\/pages"}],"about":[{"href":"https:\/\/alustorealuminyum.com\/de\/wp-json\/wp\/v2\/types\/page"}],"author":[{"embeddable":true,"href":"https:\/\/alustorealuminyum.com\/de\/wp-json\/wp\/v2\/users\/1"}],"replies":[{"embeddable":true,"href":"https:\/\/alustorealuminyum.com\/de\/wp-json\/wp\/v2\/comments?post=10282"}],"version-history":[{"count":7,"href":"https:\/\/alustorealuminyum.com\/de\/wp-json\/wp\/v2\/pages\/10282\/revisions"}],"predecessor-version":[{"id":10515,"href":"https:\/\/alustorealuminyum.com\/de\/wp-json\/wp\/v2\/pages\/10282\/revisions\/10515"}],"wp:attachment":[{"href":"https:\/\/alustorealuminyum.com\/de\/wp-json\/wp\/v2\/media?parent=10282"}],"curies":[{"name":"wp","href":"https:\/\/api.w.org\/{rel}","templated":true}]}}