{"id":10284,"date":"2024-06-06T08:28:15","date_gmt":"2024-06-06T08:28:15","guid":{"rendered":"https:\/\/alustorealuminyum.com\/?page_id=10284"},"modified":"2024-06-10T14:49:08","modified_gmt":"2024-06-10T14:49:08","slug":"cevre-yonetim-sistemi-politikasi","status":"publish","type":"page","link":"https:\/\/alustorealuminyum.com\/de\/cevre-yonetim-sistemi-politikasi\/","title":{"rendered":"\u00c7evre Y\u00f6netim Sistemi Politikas\u0131"},"content":{"rendered":"<div data-elementor-type=\"wp-page\" data-elementor-id=\"10284\" class=\"elementor elementor-10284\">\n\t\t\t\t<div class=\"elementor-element elementor-element-eb70517 e-flex e-con-boxed e-con e-parent\" data-id=\"eb70517\" data-element_type=\"container\" data-e-type=\"container\">\n\t\t\t\t\t<div class=\"e-con-inner\">\n\t\t\t\t<div class=\"elementor-element elementor-element-2884d21 elementor-widget__width-initial elementor-widget elementor-widget-text-editor\" data-id=\"2884d21\" data-element_type=\"widget\" data-e-type=\"widget\" data-widget_type=\"text-editor.default\">\n\t\t\t\t<div class=\"elementor-widget-container\">\n\t\t\t\t\t\t\t\t\tALUM\u0130NYUM EKSTR\u00dcZYON \u00dcR\u00dcNLER\u0130\n\t\t\t\t\t\t\t\t<\/div>\n\t\t\t\t<\/div>\n\t\t\t\t<div class=\"elementor-element elementor-element-da1bf63 elementor-widget elementor-widget-heading\" data-id=\"da1bf63\" data-element_type=\"widget\" data-e-type=\"widget\" data-widget_type=\"heading.default\">\n\t\t\t\t<div class=\"elementor-widget-container\">\n\t\t\t\t\t<h2 class=\"elementor-heading-title elementor-size-default\">\u00c7evre Y\u00f6netim Sistemi Politikas\u0131\n<\/h2>\t\t\t\t<\/div>\n\t\t\t\t<\/div>\n\t\t\t\t<div class=\"elementor-element elementor-element-603fa52 elementor-widget elementor-widget-text-editor\" data-id=\"603fa52\" data-element_type=\"widget\" data-e-type=\"widget\" data-widget_type=\"text-editor.default\">\n\t\t\t\t<div class=\"elementor-widget-container\">\n\t\t\t\t\t\t\t\t\t\u00c7evresel fakt\u00f6rleri azaltmaya y\u00f6nelik \u00fcretim tekniklerinin kullan\u0131lmas\u0131; etkin enerji ve kaynak y\u00f6netimi.\n\n\t\t\t\t\t\t\t\t<\/div>\n\t\t\t\t<\/div>\n\t\t\t\t<div class=\"elementor-element elementor-element-1afb514 elementor-widget elementor-widget-heading\" data-id=\"1afb514\" data-element_type=\"widget\" data-e-type=\"widget\" data-widget_type=\"heading.default\">\n\t\t\t\t<div class=\"elementor-widget-container\">\n\t\t\t\t\t<h2 class=\"elementor-heading-title elementor-size-default\">Misyonumuz\n<\/h2>\t\t\t\t<\/div>\n\t\t\t\t<\/div>\n\t\t\t\t<div class=\"elementor-element elementor-element-7d21c40 elementor-widget elementor-widget-text-editor\" data-id=\"7d21c40\" data-element_type=\"widget\" data-e-type=\"widget\" data-widget_type=\"text-editor.default\">\n\t\t\t\t<div class=\"elementor-widget-container\">\n\t\t\t\t\t\t\t\t\t<p class=\"translation-block\">\u2013 T\u00fcm at\u0131klar\u0131m\u0131z\u0131 kontrol alt\u0131nda tutup, geri d\u00f6n\u00fc\u015f tesislerine aktarmak.<br>\u2013 Kulland\u0131\u011f\u0131m\u0131z malzemeleri takip etmek ve minimum seviyede kullanmaya \u00e7al\u0131\u015fmak.<br>\u2013 Geri d\u00f6n\u00fc\u015f\u00fcme \u00f6nem vermek.<\/p>\t\t\t\t\t\t\t\t<\/div>\n\t\t\t\t<\/div>\n\t\t\t\t<div class=\"elementor-element elementor-element-dd83e37 elementor-widget elementor-widget-heading\" data-id=\"dd83e37\" data-element_type=\"widget\" data-e-type=\"widget\" data-widget_type=\"heading.default\">\n\t\t\t\t<div class=\"elementor-widget-container\">\n\t\t\t\t\t<h2 class=\"elementor-heading-title elementor-size-default\">Vizyonumuz\n<\/h2>\t\t\t\t<\/div>\n\t\t\t\t<\/div>\n\t\t\t\t<div class=\"elementor-element elementor-element-de9d44f elementor-widget elementor-widget-text-editor\" data-id=\"de9d44f\" data-element_type=\"widget\" data-e-type=\"widget\" data-widget_type=\"text-editor.default\">\n\t\t\t\t<div class=\"elementor-widget-container\">\n\t\t\t\t\t\t\t\t\t<p class=\"translation-block\">\u2013 T\u00fcm at\u0131klar\u0131m\u0131z\u0131 geri d\u00f6n\u00fc\u015f\u00fcml\u00fc olmas\u0131 i\u00e7in \u00e7al\u0131\u015fmalar yapmak.<br>\u2013 Kulland\u0131\u011f\u0131m\u0131z t\u00fcm malzemelerin \u00e7evre dostu olmas\u0131na dikkat etmek, organik malzeme tercih etmek.<br>\u2013 Enerji Kullan\u0131m\u0131n\u0131n minimum seviyeye gelmesi i\u00e7in otomasyona \u00f6nem vermek.<\/p>\t\t\t\t\t\t\t\t<\/div>\n\t\t\t\t<\/div>\n\t\t\t\t<div class=\"elementor-element elementor-element-4711f48 elementor-widget elementor-widget-heading\" data-id=\"4711f48\" data-element_type=\"widget\" data-e-type=\"widget\" data-widget_type=\"heading.default\">\n\t\t\t\t<div class=\"elementor-widget-container\">\n\t\t\t\t\t<h2 class=\"elementor-heading-title elementor-size-default\">De\u011ferler<\/h2>\t\t\t\t<\/div>\n\t\t\t\t<\/div>\n\t\t\t\t<div class=\"elementor-element elementor-element-57004b9 elementor-widget elementor-widget-text-editor\" data-id=\"57004b9\" data-element_type=\"widget\" data-e-type=\"widget\" data-widget_type=\"text-editor.default\">\n\t\t\t\t<div class=\"elementor-widget-container\">\n\t\t\t\t\t\t\t\t\t<p class=\"translation-block\">\u2013 Gelece\u011fin; toplum ve \u00e7evreye katk\u0131yla m\u00fcmk\u00fcn olaca\u011f\u0131 bilinciyle \u00e7al\u0131\u015fanlar\u0131m\u0131z\u0131n ve \u00e7evremizin s\u00fcrekli geli\u015fimine \u00f6nem vermek.<br>\u2013 Yaln\u0131zca i\u015flerin do\u011fru yap\u0131lmas\u0131n\u0131n yeterli olmad\u0131\u011f\u0131na; bunun yan\u0131nda \u00f6nemli olan\u0131n, i\u015flerin \u00e7evreye zarar vermeyecek bi\u00e7imde yap\u0131lmas\u0131 gerekti\u011fine inanmak.<br>\u2013 Sekt\u00f6r\u00fcm\u00fcz i\u00e7in \u00e7evre ile ilgili olu\u015fturulan t\u00fcm yasal mevzuat ve di\u011fer y\u00fck\u00fcml\u00fcl\u00fckleri yerine getirmek.<br>\u2013 Enerji ve do\u011fal kaynaklar\u0131n verimli kullan\u0131lmas\u0131n\u0131n, \u00fcretimin en \u00f6nemli k\u0131s\u0131mlar\u0131ndan oldu\u011funa inanmak.<br>\u2013 T\u00fcm faaliyet ve hizmetlerimizin \u00e7evresel etkileri dikkate al\u0131narak, \u00e7evreye zarar vermemek i\u00e7in her t\u00fcrl\u00fc koruyucu \u00f6nlemi almak, s\u00fcrd\u00fcr\u00fclebilirli\u011fini sa\u011flamay\u0131 hedeflemek.<\/p>\t\t\t\t\t\t\t\t<\/div>\n\t\t\t\t<\/div>\n\t\t\t\t\t<\/div>\n\t\t\t\t<\/div>\n\t\t\t\t<\/div>","protected":false},"excerpt":{"rendered":"<p>ALUM\u0130NYUM EKSTR\u00dcZYON \u00dcR\u00dcNLER\u0130 \u00c7evre Y\u00f6netim Sistemi Politikas\u0131 \u00c7evresel fakt\u00f6rleri azaltmaya y\u00f6nelik \u00fcretim tekniklerinin kullan\u0131lmas\u0131; etkin enerji ve kaynak y\u00f6netimi. Misyonumuz \u2013 T\u00fcm at\u0131klar\u0131m\u0131z\u0131 kontrol alt\u0131nda tutup, geri d\u00f6n\u00fc\u015f tesislerine aktarmak.\u2013 Kulland\u0131\u011f\u0131m\u0131z malzemeleri takip etmek ve minimum seviyede kullanmaya \u00e7al\u0131\u015fmak.\u2013 Geri d\u00f6n\u00fc\u015f\u00fcme \u00f6nem vermek. Vizyonumuz \u2013 T\u00fcm at\u0131klar\u0131m\u0131z\u0131 geri d\u00f6n\u00fc\u015f\u00fcml\u00fc olmas\u0131 i\u00e7in \u00e7al\u0131\u015fmalar yapmak.\u2013 Kulland\u0131\u011f\u0131m\u0131z t\u00fcm [&hellip;]<\/p>\n","protected":false},"author":1,"featured_media":0,"parent":0,"menu_order":0,"comment_status":"closed","ping_status":"closed","template":"","meta":{"footnotes":""},"class_list":["post-10284","page","type-page","status-publish","hentry"],"_links":{"self":[{"href":"https:\/\/alustorealuminyum.com\/de\/wp-json\/wp\/v2\/pages\/10284","targetHints":{"allow":["GET"]}}],"collection":[{"href":"https:\/\/alustorealuminyum.com\/de\/wp-json\/wp\/v2\/pages"}],"about":[{"href":"https:\/\/alustorealuminyum.com\/de\/wp-json\/wp\/v2\/types\/page"}],"author":[{"embeddable":true,"href":"https:\/\/alustorealuminyum.com\/de\/wp-json\/wp\/v2\/users\/1"}],"replies":[{"embeddable":true,"href":"https:\/\/alustorealuminyum.com\/de\/wp-json\/wp\/v2\/comments?post=10284"}],"version-history":[{"count":4,"href":"https:\/\/alustorealuminyum.com\/de\/wp-json\/wp\/v2\/pages\/10284\/revisions"}],"predecessor-version":[{"id":10518,"href":"https:\/\/alustorealuminyum.com\/de\/wp-json\/wp\/v2\/pages\/10284\/revisions\/10518"}],"wp:attachment":[{"href":"https:\/\/alustorealuminyum.com\/de\/wp-json\/wp\/v2\/media?parent=10284"}],"curies":[{"name":"wp","href":"https:\/\/api.w.org\/{rel}","templated":true}]}}