{"id":9002,"date":"2020-12-14T13:56:06","date_gmt":"2020-12-14T13:56:06","guid":{"rendered":"https:\/\/companyhub.liquid-themes.com\/staging\/?page_id=9002"},"modified":"2024-07-30T07:04:35","modified_gmt":"2024-07-30T07:04:35","slug":"iletisim","status":"publish","type":"page","link":"https:\/\/alustorealuminyum.com\/de\/iletisim\/","title":{"rendered":"\u0130leti\u015fim"},"content":{"rendered":"\t\t<div data-elementor-type=\"wp-page\" data-elementor-id=\"9002\" class=\"elementor elementor-9002\">\n\t\t\t\t<div class=\"elementor-element elementor-element-24dcecd e-flex e-con-boxed e-con e-parent\" data-id=\"24dcecd\" data-element_type=\"container\" data-e-type=\"container\">\n\t\t\t\t\t<div class=\"e-con-inner\">\n\t\t<div class=\"elementor-element elementor-element-e476962 e-con-full e-flex e-con e-child\" data-id=\"e476962\" data-element_type=\"container\" data-e-type=\"container\">\n\t\t\t\t<div class=\"elementor-element elementor-element-b2afdb6 elementor-widget elementor-widget-heading\" data-id=\"b2afdb6\" data-element_type=\"widget\" data-e-type=\"widget\" data-widget_type=\"heading.default\">\n\t\t\t\t<div class=\"elementor-widget-container\">\n\t\t\t\t\t<h2 class=\"elementor-heading-title elementor-size-default\">\u0130leti\u015fim Bilgilerimiz<\/h2>\t\t\t\t<\/div>\n\t\t\t\t<\/div>\n\t\t\t\t<div class=\"elementor-element elementor-element-9c5d7e9 elementor-widget elementor-widget-text-editor\" data-id=\"9c5d7e9\" data-element_type=\"widget\" data-e-type=\"widget\" data-widget_type=\"text-editor.default\">\n\t\t\t\t<div class=\"elementor-widget-container\">\n\t\t\t\t\t\t\t\t\tM\u00fc\u015fteri memnuniyeti birinci \u00f6nceli\u011fimizdir. Hafta i\u00e7i ve Cumartesi g\u00fcn\u00fc 08:00-18:00 saatleri aras\u0131nda M\u00fc\u015fteri Hizmetleri Departman\u0131m\u0131za ula\u015fabilirsiniz.\n\t\t\t\t\t\t\t\t<\/div>\n\t\t\t\t<\/div>\n\t\t\t\t<div class=\"elementor-element elementor-element-5e28cce elementor-align-left elementor-widget elementor-widget-ld_icon_box\" data-id=\"5e28cce\" data-element_type=\"widget\" data-e-type=\"widget\" data-widget_type=\"ld_icon_box.default\">\n\t\t\t\t<div class=\"elementor-widget-container\">\n\t\t\t\t\t\n\t\t\t<div id=\"ld_icon_box_5e28cce\" class=\"iconbox d-flex flex-grow-1 pos-rel align-items-center iconbox-side iconbox-icon-shaped iconbox-square\"   >\n\n\t\t\t\t\n\t\t\t\t<div class=\"iconbox-icon-wrap  \"><div class=\"iconbox-icon-container d-inline-flex pos-rel z-index-1 \"><svg aria-hidden=\"true\" class=\"e-font-icon-svg e-fas-phone-alt\" viewBox=\"0 0 512 512\" xmlns=\"http:\/\/www.w3.org\/2000\/svg\"><path d=\"M497.39 361.8l-112-48a24 24 0 0 0-28 6.9l-49.6 60.6A370.66 370.66 0 0 1 130.6 204.11l60.6-49.6a23.94 23.94 0 0 0 6.9-28l-48-112A24.16 24.16 0 0 0 122.6.61l-104 24A24 24 0 0 0 0 48c0 256.5 207.9 464 464 464a24 24 0 0 0 23.4-18.6l24-104a24.29 24.29 0 0 0-14.01-27.6z\"><\/path><\/svg><\/div><\/div>\n\t\t\t\t\n\t\t\t\t<div class=\"contents \">\n\t\t\t\t\n\t\t\t\t<h3 class=\"lqd-iconbox-heading \" >\u0130rtibat <\/h3>\t\t\t\t<p>+90 262 206 0058<\/p>\n\t\t\t\t\n\t\t\t\t<\/div>\n\t\t\t\t\n\t\t\t<\/div>\n\n\t\t\t\t\t\t<\/div>\n\t\t\t\t<\/div>\n\t\t\t\t<div class=\"elementor-element elementor-element-ca4c17f elementor-align-left elementor-widget elementor-widget-ld_icon_box\" data-id=\"ca4c17f\" data-element_type=\"widget\" data-e-type=\"widget\" data-widget_type=\"ld_icon_box.default\">\n\t\t\t\t<div class=\"elementor-widget-container\">\n\t\t\t\t\t\n\t\t\t<div id=\"ld_icon_box_ca4c17f\" class=\"iconbox d-flex flex-grow-1 pos-rel align-items-center iconbox-side iconbox-icon-shaped iconbox-square\"   >\n\n\t\t\t\t\n\t\t\t\t<div class=\"iconbox-icon-wrap  \"><div class=\"iconbox-icon-container d-inline-flex pos-rel z-index-1 \"><svg aria-hidden=\"true\" class=\"e-font-icon-svg e-far-envelope\" viewBox=\"0 0 512 512\" xmlns=\"http:\/\/www.w3.org\/2000\/svg\"><path d=\"M464 64H48C21.49 64 0 85.49 0 112v288c0 26.51 21.49 48 48 48h416c26.51 0 48-21.49 48-48V112c0-26.51-21.49-48-48-48zm0 48v40.805c-22.422 18.259-58.168 46.651-134.587 106.49-16.841 13.247-50.201 45.072-73.413 44.701-23.208.375-56.579-31.459-73.413-44.701C106.18 199.465 70.425 171.067 48 152.805V112h416zM48 400V214.398c22.914 18.251 55.409 43.862 104.938 82.646 21.857 17.205 60.134 55.186 103.062 54.955 42.717.231 80.509-37.199 103.053-54.947 49.528-38.783 82.032-64.401 104.947-82.653V400H48z\"><\/path><\/svg><\/div><\/div>\n\t\t\t\t\n\t\t\t\t<div class=\"contents \">\n\t\t\t\t\n\t\t\t\t<h3 class=\"lqd-iconbox-heading \" >E-Posta <\/h3>\t\t\t\t<p>info@alustorealuminyum.com<\/p>\n\t\t\t\t\n\t\t\t\t<\/div>\n\t\t\t\t\n\t\t\t<\/div>\n\n\t\t\t\t\t\t<\/div>\n\t\t\t\t<\/div>\n\t\t\t\t<div class=\"elementor-element elementor-element-cdced11 elementor-align-left elementor-widget elementor-widget-ld_icon_box\" data-id=\"cdced11\" data-element_type=\"widget\" data-e-type=\"widget\" data-widget_type=\"ld_icon_box.default\">\n\t\t\t\t<div class=\"elementor-widget-container\">\n\t\t\t\t\t\n\t\t\t<div id=\"ld_icon_box_cdced11\" class=\"iconbox d-flex flex-grow-1 pos-rel align-items-center iconbox-side iconbox-icon-shaped iconbox-square\"   >\n\n\t\t\t\t\n\t\t\t\t<div class=\"iconbox-icon-wrap  \"><div class=\"iconbox-icon-container d-inline-flex pos-rel z-index-1 \"><svg aria-hidden=\"true\" class=\"e-font-icon-svg e-fas-map-marker-alt\" viewBox=\"0 0 384 512\" xmlns=\"http:\/\/www.w3.org\/2000\/svg\"><path d=\"M172.268 501.67C26.97 291.031 0 269.413 0 192 0 85.961 85.961 0 192 0s192 85.961 192 192c0 77.413-26.97 99.031-172.268 309.67-9.535 13.774-29.93 13.773-39.464 0zM192 272c44.183 0 80-35.817 80-80s-35.817-80-80-80-80 35.817-80 80 35.817 80 80 80z\"><\/path><\/svg><\/div><\/div>\n\t\t\t\t\n\t\t\t\t<div class=\"contents \">\n\t\t\t\t\n\t\t\t\t<h3 class=\"lqd-iconbox-heading \" >Adres <\/h3>\t\t\t\t<p>Pelitli Mah. Pelitli Yolu Cad. No:83\/B Gebze \u2013 Kocaeli<\/p>\n\t\t\t\t\n\t\t\t\t<\/div>\n\t\t\t\t\n\t\t\t<\/div>\n\n\t\t\t\t\t\t<\/div>\n\t\t\t\t<\/div>\n\t\t\t\t<\/div>\n\t\t<div class=\"elementor-element elementor-element-cbe6641 e-con-full e-flex e-con e-child\" data-id=\"cbe6641\" data-element_type=\"container\" data-e-type=\"container\">\n\t\t\t\t<div class=\"elementor-element elementor-element-4ad9f3f elementor-widget elementor-widget-heading\" data-id=\"4ad9f3f\" data-element_type=\"widget\" data-e-type=\"widget\" data-widget_type=\"heading.default\">\n\t\t\t\t<div class=\"elementor-widget-container\">\n\t\t\t\t\t<h2 class=\"elementor-heading-title elementor-size-default\">\u0130leti\u015fim Formu<\/h2>\t\t\t\t<\/div>\n\t\t\t\t<\/div>\n\t\t\t\t<div class=\"elementor-element elementor-element-6d1f7ca elementor-widget elementor-widget-text-editor\" data-id=\"6d1f7ca\" data-element_type=\"widget\" data-e-type=\"widget\" data-widget_type=\"text-editor.default\">\n\t\t\t\t<div class=\"elementor-widget-container\">\n\t\t\t\t\t\t\t\t\t\u00dcr\u00fcnlerimiz i\u015fe ilgili detayl\u0131 bilgi almak ve sipari\u015f ekimize ula\u015fmak i\u00e7in formu doldurabilirsiniz\n\n\t\t\t\t\t\t\t\t<\/div>\n\t\t\t\t<\/div>\n\t\t\t\t<div class=\"elementor-element elementor-element-4267636 elementor-widget elementor-widget-text-editor\" data-id=\"4267636\" data-element_type=\"widget\" data-e-type=\"widget\" data-widget_type=\"text-editor.default\">\n\t\t\t\t<div class=\"elementor-widget-container\">\n\t\t\t\t\t\t\t\t\t[quform id=&#8221;1&#8243; name=&#8221;\u0130leti\u015fim&#8221;]\t\t\t\t\t\t\t\t<\/div>\n\t\t\t\t<\/div>\n\t\t\t\t<\/div>\n\t\t\t\t\t<\/div>\n\t\t\t\t<\/div>\n\t\t\t\t<section class=\"elementor-section elementor-top-section elementor-element elementor-element-bae7f45 elementor-section-boxed elementor-section-height-default elementor-section-height-default\" data-id=\"bae7f45\" data-element_type=\"section\" data-e-type=\"section\">\n\t\t\t\t\t\t<div class=\"elementor-container elementor-column-gap-default\">\n\t\t\t\t\t<div class=\"elementor-column elementor-col-100 elementor-top-column elementor-element elementor-element-7277dc8\" data-id=\"7277dc8\" data-element_type=\"column\" data-e-type=\"column\">\n\t\t\t<div class=\"elementor-widget-wrap elementor-element-populated\">\n\t\t\t\t\t\t<div class=\"elementor-element elementor-element-c9ab714 elementor-widget elementor-widget-heading\" data-id=\"c9ab714\" data-element_type=\"widget\" data-e-type=\"widget\" data-widget_type=\"heading.default\">\n\t\t\t\t<div class=\"elementor-widget-container\">\n\t\t\t\t\t<h2 class=\"elementor-heading-title elementor-size-default\">Tesisimizde Sizleri A\u011f\u0131rlamaktan Memnuniyet Duyar\u0131z\n<\/h2>\t\t\t\t<\/div>\n\t\t\t\t<\/div>\n\t\t\t\t<div class=\"elementor-element elementor-element-8624397 elementor-widget elementor-widget-text-editor\" data-id=\"8624397\" data-element_type=\"widget\" data-e-type=\"widget\" data-widget_type=\"text-editor.default\">\n\t\t\t\t<div class=\"elementor-widget-container\">\n\t\t\t\t\t\t\t\t\t12000 m2Kapal\u0131 alan ile gebze yerle\u015fkesinde aluminyum profil \u00fcr\u00fcnleri \u00fcretiyoruz\n\n\t\t\t\t\t\t\t\t<\/div>\n\t\t\t\t<\/div>\n\t\t\t\t<section data-custom-animations=\"true\" data-ca-options=\"{&quot;addChildTimelines&quot;:false,&quot;animationTarget&quot;:&quot;:scope &gt; .elementor-container &gt; .elementor-column&quot;,&quot;ease&quot;:[&quot;power4.out&quot;],&quot;initValues&quot;:{&quot;opacity&quot;:0},&quot;animations&quot;:{&quot;opacity&quot;:1}}\" class=\"elementor-section elementor-inner-section elementor-element elementor-element-763965a elementor-section-boxed elementor-section-height-default elementor-section-height-default\" data-id=\"763965a\" data-element_type=\"section\" data-e-type=\"section\">\n\t\t\t\t\t\t<div class=\"elementor-container elementor-column-gap-default\">\n\t\t\t\t\t<div class=\"elementor-column elementor-col-33 elementor-inner-column elementor-element elementor-element-751f770\" data-id=\"751f770\" data-element_type=\"column\" data-e-type=\"column\" data-settings=\"{&quot;background_background&quot;:&quot;classic&quot;}\">\n\t\t\t<div class=\"elementor-widget-wrap elementor-element-populated\">\n\t\t\t\t\t\t<div class=\"elementor-element elementor-element-cf2bad5 elementor-widget elementor-widget-image\" data-id=\"cf2bad5\" data-element_type=\"widget\" data-e-type=\"widget\" data-widget_type=\"image.default\">\n\t\t\t\t<div class=\"elementor-widget-container\">\n\t\t\t\t\t\t\t\t\t\t\t\t\t\t\t<img fetchpriority=\"high\" decoding=\"async\" width=\"780\" height=\"140\" src=\"https:\/\/alustorealuminyum.com\/wp-content\/uploads\/2021\/05\/logo-dark.png\" class=\"attachment-large size-large wp-image-10730\" alt=\"\" srcset=\"https:\/\/alustorealuminyum.com\/wp-content\/uploads\/2021\/05\/logo-dark.png 958w, https:\/\/alustorealuminyum.com\/wp-content\/uploads\/2021\/05\/logo-dark-300x54.png 300w, https:\/\/alustorealuminyum.com\/wp-content\/uploads\/2021\/05\/logo-dark-18x3.png 18w, https:\/\/alustorealuminyum.com\/wp-content\/uploads\/2021\/05\/logo-dark-600x108.png 600w\" sizes=\"(max-width: 780px) 100vw, 780px\" \/>\t\t\t\t\t\t\t\t\t\t\t\t\t\t\t<\/div>\n\t\t\t\t<\/div>\n\t\t\t\t<div class=\"elementor-element elementor-element-e0d3322 elementor-widget elementor-widget-hub_fancy_heading\" data-id=\"e0d3322\" data-element_type=\"widget\" data-e-type=\"widget\" data-widget_type=\"hub_fancy_heading.default\">\n\t\t\t\t<div class=\"elementor-widget-container\">\n\t\t\t\t\t\n\t\t<div id=\"ld-fancy-heading-69d7e10685ab6\" class=\"ld-fancy-heading pos-rel\">\n\t\t\t<h3 class=\"ld-fh-element d-inline-block pos-rel  elementor-heading-title lqd-highlight-classic lqd-highlight-grow-left h3\"  > \u00c7al\u0131\u015fma Saatlerimiz\n<\/h3>\t\t<\/div>\n\n\t\t\t\t\t\t<\/div>\n\t\t\t\t<\/div>\n\t\t\t\t<div class=\"elementor-element elementor-element-2df64ff elementor-widget elementor-widget-text-editor\" data-id=\"2df64ff\" data-element_type=\"widget\" data-e-type=\"widget\" data-widget_type=\"text-editor.default\">\n\t\t\t\t<div class=\"elementor-widget-container\">\n\t\t\t\t\t\t\t\t\t<p>Pazartesi\u2026\u2026\u2026\u2026\u2026. 09:00 \u2013 17:00<br \/>Sal\u0131 \u2026\u2026\u2026..\u2026\u2026\u2026\u2026. 09:00 \u2013 17:00<br \/>\u00c7ar\u015famba\u2026\u2026\u2026\u2026\u2026. 09:00 \u2013 17:00<br \/>Per\u015fembe..\u2026\u2026\u2026\u2026.. 09:00 \u2013 17:00<br \/>Cuma..\u2026\u2026\u2026\u2026\u2026\u2026.. 09:00 \u2013 17:00<\/p>\t\t\t\t\t\t\t\t<\/div>\n\t\t\t\t<\/div>\n\t\t\t\t\t<\/div>\n\t\t<\/div>\n\t\t\t\t<div class=\"elementor-column elementor-col-33 elementor-inner-column elementor-element elementor-element-eb09b50\" data-id=\"eb09b50\" data-element_type=\"column\" data-e-type=\"column\" data-settings=\"{&quot;background_background&quot;:&quot;classic&quot;}\">\n\t\t\t<div class=\"elementor-widget-wrap elementor-element-populated\">\n\t\t\t\t\t\t<div class=\"elementor-element elementor-element-5120695 elementor-widget elementor-widget-hub_fancy_heading\" data-id=\"5120695\" data-element_type=\"widget\" data-e-type=\"widget\" data-widget_type=\"hub_fancy_heading.default\">\n\t\t\t\t<div class=\"elementor-widget-container\">\n\t\t\t\t\t\n\t\t<div id=\"ld-fancy-heading-69d7e106870d1\" class=\"ld-fancy-heading pos-rel\">\n\t\t\t<h3 class=\"ld-fh-element d-inline-block pos-rel  elementor-heading-title lqd-highlight-classic lqd-highlight-grow-left h3\"  > Telefon Numaralar\u0131\n<\/h3>\t\t<\/div>\n\n\t\t\t\t\t\t<\/div>\n\t\t\t\t<\/div>\n\t\t\t\t<div class=\"elementor-element elementor-element-db189d2 elementor-widget elementor-widget-text-editor\" data-id=\"db189d2\" data-element_type=\"widget\" data-e-type=\"widget\" data-widget_type=\"text-editor.default\">\n\t\t\t\t<div class=\"elementor-widget-container\">\n\t\t\t\t\t\t\t\t\t<p><strong>Santral &amp; Dan\u0131\u015fma<\/strong><br \/>+90 262 206 00 58<\/p><p><strong>Sat\u0131\u015f &amp; Sat\u0131\u015f Sonras\u0131<\/strong><br \/>+90 534 692 36 24<\/p><p><strong>\u0130nsan Kaynaklar\u0131<\/strong><br \/>+90 534 692 36 24<\/p>\t\t\t\t\t\t\t\t<\/div>\n\t\t\t\t<\/div>\n\t\t\t\t\t<\/div>\n\t\t<\/div>\n\t\t\t\t<div class=\"elementor-column elementor-col-33 elementor-inner-column elementor-element elementor-element-2bd4cb0\" data-id=\"2bd4cb0\" data-element_type=\"column\" data-e-type=\"column\" data-settings=\"{&quot;background_background&quot;:&quot;classic&quot;}\">\n\t\t\t<div class=\"elementor-widget-wrap elementor-element-populated\">\n\t\t\t\t\t\t<div class=\"elementor-element elementor-element-7ba1964 elementor-widget elementor-widget-hub_fancy_heading\" data-id=\"7ba1964\" data-element_type=\"widget\" data-e-type=\"widget\" data-widget_type=\"hub_fancy_heading.default\">\n\t\t\t\t<div class=\"elementor-widget-container\">\n\t\t\t\t\t\n\t\t<div id=\"ld-fancy-heading-69d7e106885ca\" class=\"ld-fancy-heading pos-rel\">\n\t\t\t<h3 class=\"ld-fh-element d-inline-block pos-rel  elementor-heading-title lqd-highlight-classic lqd-highlight-grow-left h3\"  > E-Posta Adreslerimiz<\/h3>\t\t<\/div>\n\n\t\t\t\t\t\t<\/div>\n\t\t\t\t<\/div>\n\t\t\t\t<div class=\"elementor-element elementor-element-7004e5b elementor-widget elementor-widget-text-editor\" data-id=\"7004e5b\" data-element_type=\"widget\" data-e-type=\"widget\" data-widget_type=\"text-editor.default\">\n\t\t\t\t<div class=\"elementor-widget-container\">\n\t\t\t\t\t\t\t\t\t<p><strong>Dan\u0131\u015fma &amp; Genel<\/strong><br \/>info@alustorealuminyum.com<\/p><p><strong>Sat\u0131\u015f &amp; Sat\u0131\u015f Sonras\u0131<\/strong><br \/>sales@alustorealuminyum.com<\/p><p><strong>\u0130hracat<\/strong><br \/>caferbaykal@alustorealuminyum.com<\/p>\t\t\t\t\t\t\t\t<\/div>\n\t\t\t\t<\/div>\n\t\t\t\t\t<\/div>\n\t\t<\/div>\n\t\t\t\t\t<\/div>\n\t\t<\/section>\n\t\t\t\t\t<\/div>\n\t\t<\/div>\n\t\t\t\t\t<\/div>\n\t\t<\/section>\n\t\t<div class=\"elementor-element elementor-element-69f052c e-con-full e-flex e-con e-parent\" data-id=\"69f052c\" data-element_type=\"container\" data-e-type=\"container\">\n\t\t\t\t<div class=\"elementor-element elementor-element-f82314b elementor-widget elementor-widget-google_maps\" data-id=\"f82314b\" data-element_type=\"widget\" data-e-type=\"widget\" data-widget_type=\"google_maps.default\">\n\t\t\t\t<div class=\"elementor-widget-container\">\n\t\t\t\t\t\t\t<div class=\"elementor-custom-embed\">\n\t\t\t<iframe loading=\"lazy\"\n\t\t\t\t\tsrc=\"https:\/\/maps.google.com\/maps?q=Alustore%20Alim%C3%BCnyum&#038;t=m&#038;z=14&#038;output=embed&#038;iwloc=near\"\n\t\t\t\t\ttitle=\"Alustore Alim\u00fcnyum\"\n\t\t\t\t\taria-label=\"Alustore Alim\u00fcnyum\"\n\t\t\t><\/iframe>\n\t\t<\/div>\n\t\t\t\t\t\t<\/div>\n\t\t\t\t<\/div>\n\t\t\t\t<\/div>\n\t\t\t\t<\/div>\n\t\t","protected":false},"excerpt":{"rendered":"<p>\u0130leti\u015fim Bilgilerimiz M\u00fc\u015fteri memnuniyeti birinci \u00f6nceli\u011fimizdir. Hafta i\u00e7i ve Cumartesi g\u00fcn\u00fc 08:00-18:00 saatleri aras\u0131nda M\u00fc\u015fteri Hizmetleri Departman\u0131m\u0131za ula\u015fabilirsiniz. \u0130rtibat +90 262 206 0058 E-Posta info@alustorealuminyum.com Adres Pelitli Mah. Pelitli Yolu Cad. No:83\/B Gebze \u2013 Kocaeli \u0130leti\u015fim Formu \u00dcr\u00fcnlerimiz i\u015fe ilgili detayl\u0131 bilgi almak ve sipari\u015f ekimize ula\u015fmak i\u00e7in formu doldurabilirsiniz [quform id=&#8221;1&#8243; name=&#8221;\u0130leti\u015fim&#8221;] Tesisimizde Sizleri [&hellip;]<\/p>\n","protected":false},"author":1,"featured_media":0,"parent":0,"menu_order":0,"comment_status":"closed","ping_status":"closed","template":"","meta":{"footnotes":""},"class_list":["post-9002","page","type-page","status-publish","hentry"],"_links":{"self":[{"href":"https:\/\/alustorealuminyum.com\/de\/wp-json\/wp\/v2\/pages\/9002","targetHints":{"allow":["GET"]}}],"collection":[{"href":"https:\/\/alustorealuminyum.com\/de\/wp-json\/wp\/v2\/pages"}],"about":[{"href":"https:\/\/alustorealuminyum.com\/de\/wp-json\/wp\/v2\/types\/page"}],"author":[{"embeddable":true,"href":"https:\/\/alustorealuminyum.com\/de\/wp-json\/wp\/v2\/users\/1"}],"replies":[{"embeddable":true,"href":"https:\/\/alustorealuminyum.com\/de\/wp-json\/wp\/v2\/comments?post=9002"}],"version-history":[{"count":37,"href":"https:\/\/alustorealuminyum.com\/de\/wp-json\/wp\/v2\/pages\/9002\/revisions"}],"predecessor-version":[{"id":11022,"href":"https:\/\/alustorealuminyum.com\/de\/wp-json\/wp\/v2\/pages\/9002\/revisions\/11022"}],"wp:attachment":[{"href":"https:\/\/alustorealuminyum.com\/de\/wp-json\/wp\/v2\/media?parent=9002"}],"curies":[{"name":"wp","href":"https:\/\/api.w.org\/{rel}","templated":true}]}}