{"id":10280,"date":"2024-06-06T08:27:52","date_gmt":"2024-06-06T08:27:52","guid":{"rendered":"https:\/\/alustorealuminyum.com\/?page_id=10280"},"modified":"2024-06-10T14:46:42","modified_gmt":"2024-06-10T14:46:42","slug":"musteri-memnuniyeti-politikasi","status":"publish","type":"page","link":"https:\/\/alustorealuminyum.com\/en\/musteri-memnuniyeti-politikasi\/","title":{"rendered":"Customer Satisfaction Policy"},"content":{"rendered":"<div data-elementor-type=\"wp-page\" data-elementor-id=\"10280\" class=\"elementor elementor-10280\">\n\t\t\t\t<div class=\"elementor-element elementor-element-a92dd64 e-flex e-con-boxed e-con e-parent\" data-id=\"a92dd64\" data-element_type=\"container\" data-e-type=\"container\">\n\t\t\t\t\t<div class=\"e-con-inner\">\n\t\t\t\t<div class=\"elementor-element elementor-element-8f4de6b elementor-widget__width-initial elementor-widget elementor-widget-text-editor\" data-id=\"8f4de6b\" data-element_type=\"widget\" data-e-type=\"widget\" data-widget_type=\"text-editor.default\">\n\t\t\t\t<div class=\"elementor-widget-container\">\n\t\t\t\t\t\t\t\t\tALUMINUM EXTRUSION PRODUCTS\n\t\t\t\t\t\t\t\t<\/div>\n\t\t\t\t<\/div>\n\t\t\t\t<div class=\"elementor-element elementor-element-2ce5261 elementor-widget elementor-widget-heading\" data-id=\"2ce5261\" data-element_type=\"widget\" data-e-type=\"widget\" data-widget_type=\"heading.default\">\n\t\t\t\t<div class=\"elementor-widget-container\">\n\t\t\t\t\t<h2 class=\"elementor-heading-title elementor-size-default\">Customer Satisfaction Policy\n<\/h2>\t\t\t\t<\/div>\n\t\t\t\t<\/div>\n\t\t\t\t<div class=\"elementor-element elementor-element-6f44259 elementor-widget elementor-widget-text-editor\" data-id=\"6f44259\" data-element_type=\"widget\" data-e-type=\"widget\" data-widget_type=\"text-editor.default\">\n\t\t\t\t<div class=\"elementor-widget-container\">\n\t\t\t\t\t\t\t\t\t<p>We provide solutions in line with the demands and needs of the customers, with an understanding that fully meets the needs and expectations of the customers before and after sales.<\/p>\t\t\t\t\t\t\t\t<\/div>\n\t\t\t\t<\/div>\n\t\t\t\t<div class=\"elementor-element elementor-element-468bc60 elementor-widget elementor-widget-heading\" data-id=\"468bc60\" data-element_type=\"widget\" data-e-type=\"widget\" data-widget_type=\"heading.default\">\n\t\t\t\t<div class=\"elementor-widget-container\">\n\t\t\t\t\t<h2 class=\"elementor-heading-title elementor-size-default\">Our Mission\n<\/h2>\t\t\t\t<\/div>\n\t\t\t\t<\/div>\n\t\t\t\t<div class=\"elementor-element elementor-element-1051867 elementor-widget elementor-widget-text-editor\" data-id=\"1051867\" data-element_type=\"widget\" data-e-type=\"widget\" data-widget_type=\"text-editor.default\">\n\t\t\t\t<div class=\"elementor-widget-container\">\n\t\t\t\t\t\t\t\t\t<p class=\"translation-block\">\u2013 To meet the needs and demands of customers in the fastest way.<br>\u2013 To attach importance to just-in-time production and delivery.<br>\u2013 To see quality as our basic principle.<br>\u2013 To aim to contribute to the customer above customer expectations.<\/p>\t\t\t\t\t\t\t\t<\/div>\n\t\t\t\t<\/div>\n\t\t\t\t<div class=\"elementor-element elementor-element-1d424a9 elementor-widget elementor-widget-heading\" data-id=\"1d424a9\" data-element_type=\"widget\" data-e-type=\"widget\" data-widget_type=\"heading.default\">\n\t\t\t\t<div class=\"elementor-widget-container\">\n\t\t\t\t\t<h2 class=\"elementor-heading-title elementor-size-default\">Our Vision\n<\/h2>\t\t\t\t<\/div>\n\t\t\t\t<\/div>\n\t\t\t\t<div class=\"elementor-element elementor-element-8ed4490 elementor-widget elementor-widget-text-editor\" data-id=\"8ed4490\" data-element_type=\"widget\" data-e-type=\"widget\" data-widget_type=\"text-editor.default\">\n\t\t\t\t<div class=\"elementor-widget-container\">\n\t\t\t\t\t\t\t\t\t<p class=\"translation-block\">\u2013 To send products to the customer in the size and design closest to the product formation.<br>\u2013 To form teams that will contribute to the customer's product development.<br>\u2013 To work to supply the highest quality goods to the customer.<\/p>\t\t\t\t\t\t\t\t<\/div>\n\t\t\t\t<\/div>\n\t\t\t\t<div class=\"elementor-element elementor-element-4f333fb elementor-widget elementor-widget-heading\" data-id=\"4f333fb\" data-element_type=\"widget\" data-e-type=\"widget\" data-widget_type=\"heading.default\">\n\t\t\t\t<div class=\"elementor-widget-container\">\n\t\t\t\t\t<h2 class=\"elementor-heading-title elementor-size-default\">Values<\/h2>\t\t\t\t<\/div>\n\t\t\t\t<\/div>\n\t\t\t\t<div class=\"elementor-element elementor-element-935ad0a elementor-widget elementor-widget-text-editor\" data-id=\"935ad0a\" data-element_type=\"widget\" data-e-type=\"widget\" data-widget_type=\"text-editor.default\">\n\t\t\t\t<div class=\"elementor-widget-container\">\n\t\t\t\t\t\t\t\t\t<p class=\"translation-block\">\u2013 To act openly, sincerely, constructively and respectfully in our communications with our customers.<br>\u2013 To prefer being well-intentioned, fair, moral, honest and reliable over other gains in our relations with our customers.<br>\u2013 The most important return we receive from our investments is the satisfaction of our customers. to know.<br>\u2013 Creating satisfied customers with technology, quality, trust and fast delivery.<br>\u2013 To look at the needs from the customer's perspective and listen to our customers' voices in order to create value for our customers.<\/p>\t\t\t\t\t\t\t\t<\/div>\n\t\t\t\t<\/div>\n\t\t\t\t\t<\/div>\n\t\t\t\t<\/div>\n\t\t\t\t<\/div>","protected":false},"excerpt":{"rendered":"<p>ALUM\u0130NYUM EKSTR\u00dcZYON \u00dcR\u00dcNLER\u0130 M\u00fc\u015fteri Memnuniyeti Politikas\u0131 Sat\u0131\u015f \u00f6ncesi ve sonras\u0131 m\u00fc\u015fterinin ihtiya\u00e7 ve beklentileri tam olarak kar\u015f\u0131layan bir anlay\u0131\u015f i\u00e7inde, m\u00fc\u015fterilerin talepleri ve ihtiya\u00e7lar\u0131 do\u011frultusunda \u00e7\u00f6z\u00fcmler sa\u011flamaktay\u0131z. Misyonumuz \u2013 M\u00fc\u015fterilerin ihtiya\u00e7 ve taleplerini en h\u0131zl\u0131 \u015fekilde kar\u015f\u0131lamak.\u2013 Tam zaman\u0131nda \u00fcretime ve teslimata \u00f6nem vermek.\u2013 Kaliteyi temel prensibimiz olarak g\u00f6rmek.\u2013 M\u00fc\u015fteri beklentilerinin \u00fczerinde m\u00fc\u015fteriye katk\u0131 sa\u011flamay\u0131 [&hellip;]<\/p>\n","protected":false},"author":1,"featured_media":0,"parent":0,"menu_order":0,"comment_status":"closed","ping_status":"closed","template":"","meta":{"footnotes":""},"class_list":["post-10280","page","type-page","status-publish","hentry"],"_links":{"self":[{"href":"https:\/\/alustorealuminyum.com\/en\/wp-json\/wp\/v2\/pages\/10280","targetHints":{"allow":["GET"]}}],"collection":[{"href":"https:\/\/alustorealuminyum.com\/en\/wp-json\/wp\/v2\/pages"}],"about":[{"href":"https:\/\/alustorealuminyum.com\/en\/wp-json\/wp\/v2\/types\/page"}],"author":[{"embeddable":true,"href":"https:\/\/alustorealuminyum.com\/en\/wp-json\/wp\/v2\/users\/1"}],"replies":[{"embeddable":true,"href":"https:\/\/alustorealuminyum.com\/en\/wp-json\/wp\/v2\/comments?post=10280"}],"version-history":[{"count":4,"href":"https:\/\/alustorealuminyum.com\/en\/wp-json\/wp\/v2\/pages\/10280\/revisions"}],"predecessor-version":[{"id":10512,"href":"https:\/\/alustorealuminyum.com\/en\/wp-json\/wp\/v2\/pages\/10280\/revisions\/10512"}],"wp:attachment":[{"href":"https:\/\/alustorealuminyum.com\/en\/wp-json\/wp\/v2\/media?parent=10280"}],"curies":[{"name":"wp","href":"https:\/\/api.w.org\/{rel}","templated":true}]}}