{"id":10284,"date":"2024-06-06T08:28:15","date_gmt":"2024-06-06T08:28:15","guid":{"rendered":"https:\/\/alustorealuminyum.com\/?page_id=10284"},"modified":"2024-06-10T14:49:08","modified_gmt":"2024-06-10T14:49:08","slug":"cevre-yonetim-sistemi-politikasi","status":"publish","type":"page","link":"https:\/\/alustorealuminyum.com\/en\/cevre-yonetim-sistemi-politikasi\/","title":{"rendered":"Environmental Management System Policy"},"content":{"rendered":"<div data-elementor-type=\"wp-page\" data-elementor-id=\"10284\" class=\"elementor elementor-10284\">\n\t\t\t\t<div class=\"elementor-element elementor-element-eb70517 e-flex e-con-boxed e-con e-parent\" data-id=\"eb70517\" data-element_type=\"container\" data-e-type=\"container\">\n\t\t\t\t\t<div class=\"e-con-inner\">\n\t\t\t\t<div class=\"elementor-element elementor-element-2884d21 elementor-widget__width-initial elementor-widget elementor-widget-text-editor\" data-id=\"2884d21\" data-element_type=\"widget\" data-e-type=\"widget\" data-widget_type=\"text-editor.default\">\n\t\t\t\t<div class=\"elementor-widget-container\">\n\t\t\t\t\t\t\t\t\tALUMINUM EXTRUSION PRODUCTS\n\t\t\t\t\t\t\t\t<\/div>\n\t\t\t\t<\/div>\n\t\t\t\t<div class=\"elementor-element elementor-element-da1bf63 elementor-widget elementor-widget-heading\" data-id=\"da1bf63\" data-element_type=\"widget\" data-e-type=\"widget\" data-widget_type=\"heading.default\">\n\t\t\t\t<div class=\"elementor-widget-container\">\n\t\t\t\t\t<h2 class=\"elementor-heading-title elementor-size-default\">Environmental Management System Policy\n<\/h2>\t\t\t\t<\/div>\n\t\t\t\t<\/div>\n\t\t\t\t<div class=\"elementor-element elementor-element-603fa52 elementor-widget elementor-widget-text-editor\" data-id=\"603fa52\" data-element_type=\"widget\" data-e-type=\"widget\" data-widget_type=\"text-editor.default\">\n\t\t\t\t<div class=\"elementor-widget-container\">\n\t\t\t\t\t\t\t\t\t\u00c7evresel fakt\u00f6rleri azaltmaya y\u00f6nelik \u00fcretim tekniklerinin kullan\u0131lmas\u0131; etkin enerji ve kaynak y\u00f6netimi.\n\n\t\t\t\t\t\t\t\t<\/div>\n\t\t\t\t<\/div>\n\t\t\t\t<div class=\"elementor-element elementor-element-1afb514 elementor-widget elementor-widget-heading\" data-id=\"1afb514\" data-element_type=\"widget\" data-e-type=\"widget\" data-widget_type=\"heading.default\">\n\t\t\t\t<div class=\"elementor-widget-container\">\n\t\t\t\t\t<h2 class=\"elementor-heading-title elementor-size-default\">Our Mission\n<\/h2>\t\t\t\t<\/div>\n\t\t\t\t<\/div>\n\t\t\t\t<div class=\"elementor-element elementor-element-7d21c40 elementor-widget elementor-widget-text-editor\" data-id=\"7d21c40\" data-element_type=\"widget\" data-e-type=\"widget\" data-widget_type=\"text-editor.default\">\n\t\t\t\t<div class=\"elementor-widget-container\">\n\t\t\t\t\t\t\t\t\t<p class=\"translation-block\">\u2013 Keeping all our waste under control and transferring it to recycling facilities.<br>\u2013 Following the materials we use and trying to use them at the minimum level.<br>\u2013 Giving importance to recycling.<\/p>\t\t\t\t\t\t\t\t<\/div>\n\t\t\t\t<\/div>\n\t\t\t\t<div class=\"elementor-element elementor-element-dd83e37 elementor-widget elementor-widget-heading\" data-id=\"dd83e37\" data-element_type=\"widget\" data-e-type=\"widget\" data-widget_type=\"heading.default\">\n\t\t\t\t<div class=\"elementor-widget-container\">\n\t\t\t\t\t<h2 class=\"elementor-heading-title elementor-size-default\">Our Vision\n<\/h2>\t\t\t\t<\/div>\n\t\t\t\t<\/div>\n\t\t\t\t<div class=\"elementor-element elementor-element-de9d44f elementor-widget elementor-widget-text-editor\" data-id=\"de9d44f\" data-element_type=\"widget\" data-e-type=\"widget\" data-widget_type=\"text-editor.default\">\n\t\t\t\t<div class=\"elementor-widget-container\">\n\t\t\t\t\t\t\t\t\t<p class=\"translation-block\">\u2013 To work to ensure that all our waste is recyclable.<br>\u2013 To pay attention to the environmental friendliness of all the materials we use, to prefer organic materials.<br>\u2013 To attach importance to automation to minimize Energy Use.<\/p>\t\t\t\t\t\t\t\t<\/div>\n\t\t\t\t<\/div>\n\t\t\t\t<div class=\"elementor-element elementor-element-4711f48 elementor-widget elementor-widget-heading\" data-id=\"4711f48\" data-element_type=\"widget\" data-e-type=\"widget\" data-widget_type=\"heading.default\">\n\t\t\t\t<div class=\"elementor-widget-container\">\n\t\t\t\t\t<h2 class=\"elementor-heading-title elementor-size-default\">Values<\/h2>\t\t\t\t<\/div>\n\t\t\t\t<\/div>\n\t\t\t\t<div class=\"elementor-element elementor-element-57004b9 elementor-widget elementor-widget-text-editor\" data-id=\"57004b9\" data-element_type=\"widget\" data-e-type=\"widget\" data-widget_type=\"text-editor.default\">\n\t\t\t\t<div class=\"elementor-widget-container\">\n\t\t\t\t\t\t\t\t\t<p class=\"translation-block\">\u2013 Your future; To attach importance to the continuous development of our employees and our environment, with the awareness that it is possible with contribution to society and the environment.<br>\u2013 It is not enough to just do things right; Besides, believing that the important thing is that the work should be done in a way that does not harm the environment.<br>\u2013 Fulfilling all legal legislation and other obligations regarding the environment for our sector.<br>\u2013 Believing that the efficient use of energy and natural resources is one of the most important parts of production. .<br>\u2013 Taking into account the environmental impacts of all our activities and services, taking all kinds of protective measures to avoid harming the environment and aiming to ensure sustainability.<\/p>\t\t\t\t\t\t\t\t<\/div>\n\t\t\t\t<\/div>\n\t\t\t\t\t<\/div>\n\t\t\t\t<\/div>\n\t\t\t\t<\/div>","protected":false},"excerpt":{"rendered":"<p>ALUM\u0130NYUM EKSTR\u00dcZYON \u00dcR\u00dcNLER\u0130 \u00c7evre Y\u00f6netim Sistemi Politikas\u0131 \u00c7evresel fakt\u00f6rleri azaltmaya y\u00f6nelik \u00fcretim tekniklerinin kullan\u0131lmas\u0131; etkin enerji ve kaynak y\u00f6netimi. Misyonumuz \u2013 T\u00fcm at\u0131klar\u0131m\u0131z\u0131 kontrol alt\u0131nda tutup, geri d\u00f6n\u00fc\u015f tesislerine aktarmak.\u2013 Kulland\u0131\u011f\u0131m\u0131z malzemeleri takip etmek ve minimum seviyede kullanmaya \u00e7al\u0131\u015fmak.\u2013 Geri d\u00f6n\u00fc\u015f\u00fcme \u00f6nem vermek. Vizyonumuz \u2013 T\u00fcm at\u0131klar\u0131m\u0131z\u0131 geri d\u00f6n\u00fc\u015f\u00fcml\u00fc olmas\u0131 i\u00e7in \u00e7al\u0131\u015fmalar yapmak.\u2013 Kulland\u0131\u011f\u0131m\u0131z t\u00fcm [&hellip;]<\/p>\n","protected":false},"author":1,"featured_media":0,"parent":0,"menu_order":0,"comment_status":"closed","ping_status":"closed","template":"","meta":{"footnotes":""},"class_list":["post-10284","page","type-page","status-publish","hentry"],"_links":{"self":[{"href":"https:\/\/alustorealuminyum.com\/en\/wp-json\/wp\/v2\/pages\/10284","targetHints":{"allow":["GET"]}}],"collection":[{"href":"https:\/\/alustorealuminyum.com\/en\/wp-json\/wp\/v2\/pages"}],"about":[{"href":"https:\/\/alustorealuminyum.com\/en\/wp-json\/wp\/v2\/types\/page"}],"author":[{"embeddable":true,"href":"https:\/\/alustorealuminyum.com\/en\/wp-json\/wp\/v2\/users\/1"}],"replies":[{"embeddable":true,"href":"https:\/\/alustorealuminyum.com\/en\/wp-json\/wp\/v2\/comments?post=10284"}],"version-history":[{"count":4,"href":"https:\/\/alustorealuminyum.com\/en\/wp-json\/wp\/v2\/pages\/10284\/revisions"}],"predecessor-version":[{"id":10518,"href":"https:\/\/alustorealuminyum.com\/en\/wp-json\/wp\/v2\/pages\/10284\/revisions\/10518"}],"wp:attachment":[{"href":"https:\/\/alustorealuminyum.com\/en\/wp-json\/wp\/v2\/media?parent=10284"}],"curies":[{"name":"wp","href":"https:\/\/api.w.org\/{rel}","templated":true}]}}