{"id":10286,"date":"2024-06-06T08:28:28","date_gmt":"2024-06-06T08:28:28","guid":{"rendered":"https:\/\/alustorealuminyum.com\/?page_id=10286"},"modified":"2024-06-11T07:47:15","modified_gmt":"2024-06-11T07:47:15","slug":"urunlerimiz","status":"publish","type":"page","link":"https:\/\/alustorealuminyum.com\/en\/urunlerimiz\/","title":{"rendered":"Our Products"},"content":{"rendered":"<div data-elementor-type=\"wp-page\" data-elementor-id=\"10286\" class=\"elementor elementor-10286\">\n\t\t\t\t<div class=\"elementor-element elementor-element-e103069 e-flex e-con-boxed e-con e-parent\" data-id=\"e103069\" data-element_type=\"container\" data-e-type=\"container\">\n\t\t\t\t\t<div class=\"e-con-inner\">\n\t\t\t\t<div class=\"elementor-element elementor-element-f34d6e8 elementor-widget__width-initial elementor-widget elementor-widget-text-editor\" data-id=\"f34d6e8\" data-element_type=\"widget\" data-e-type=\"widget\" data-widget_type=\"text-editor.default\">\n\t\t\t\t<div class=\"elementor-widget-container\">\n\t\t\t\t\t\t\t\t\tALUMINUM EXTRUSION PRODUCTS\n\t\t\t\t\t\t\t\t<\/div>\n\t\t\t\t<\/div>\n\t\t\t\t<div class=\"elementor-element elementor-element-74a168c elementor-widget elementor-widget-heading\" data-id=\"74a168c\" data-element_type=\"widget\" data-e-type=\"widget\" data-widget_type=\"heading.default\">\n\t\t\t\t<div class=\"elementor-widget-container\">\n\t\t\t\t\t<h2 class=\"elementor-heading-title elementor-size-default\">Our Products\n<\/h2>\t\t\t\t<\/div>\n\t\t\t\t<\/div>\n\t\t\t\t<div class=\"elementor-element elementor-element-60ce69c elementor-widget elementor-widget-text-editor\" data-id=\"60ce69c\" data-element_type=\"widget\" data-e-type=\"widget\" data-widget_type=\"text-editor.default\">\n\t\t\t\t<div class=\"elementor-widget-container\">\n\t\t\t\t\t\t\t\t\t2001 y\u0131l\u0131nda kurulmu\u015f olan Alustore Al\u00fcminyum, T\u00fcrkiye\u2019de faaliyet g\u00f6steren al\u00fcminyum profil \u00fcreticilerinden biridir. \u015eirketimizin y\u0131ll\u0131k kapasitesi, ekstr\u00fczyonda 8500 ton olup, \u00fcretimde hedefimiz, en iyi kaliteyi en rekabet\u00e7i fiyatlarla m\u00fc\u015fterilerimize sunmakt\u0131r. Bu hedef do\u011frultusunda sekt\u00f6r\u00fcn en h\u0131zl\u0131 b\u00fcy\u00fcyen firmalar\u0131 aras\u0131nda yer almaya devam ediyoruz.\n\n\t\t\t\t\t\t\t\t<\/div>\n\t\t\t\t<\/div>\n\t\t<div class=\"elementor-element elementor-element-a67353a e-flex e-con-boxed e-con e-child\" data-id=\"a67353a\" data-element_type=\"container\" data-e-type=\"container\">\n\t\t\t\t\t<div class=\"e-con-inner\">\n\t\t\t\t\t<\/div>\n\t\t\t\t<\/div>\n\t\t\t\t\t<\/div>\n\t\t\t\t<\/div>\n\t\t\t\t<\/div>","protected":false},"excerpt":{"rendered":"<p>ALUM\u0130NYUM EKSTR\u00dcZYON \u00dcR\u00dcNLER\u0130 \u00dcr\u00fcnlerimiz 2001 y\u0131l\u0131nda kurulmu\u015f olan Alustore Al\u00fcminyum, T\u00fcrkiye\u2019de faaliyet g\u00f6steren al\u00fcminyum profil \u00fcreticilerinden biridir. \u015eirketimizin y\u0131ll\u0131k kapasitesi, ekstr\u00fczyonda 8500 ton olup, \u00fcretimde hedefimiz, en iyi kaliteyi en rekabet\u00e7i fiyatlarla m\u00fc\u015fterilerimize sunmakt\u0131r. Bu hedef do\u011frultusunda sekt\u00f6r\u00fcn en h\u0131zl\u0131 b\u00fcy\u00fcyen firmalar\u0131 aras\u0131nda yer almaya devam ediyoruz. Devam\u0131n\u0131 oku Aldoks Profilleri Devam\u0131n\u0131 oku C60 Aluminyum [&hellip;]<\/p>\n","protected":false},"author":1,"featured_media":0,"parent":0,"menu_order":0,"comment_status":"closed","ping_status":"closed","template":"","meta":{"footnotes":""},"class_list":["post-10286","page","type-page","status-publish","hentry"],"_links":{"self":[{"href":"https:\/\/alustorealuminyum.com\/en\/wp-json\/wp\/v2\/pages\/10286","targetHints":{"allow":["GET"]}}],"collection":[{"href":"https:\/\/alustorealuminyum.com\/en\/wp-json\/wp\/v2\/pages"}],"about":[{"href":"https:\/\/alustorealuminyum.com\/en\/wp-json\/wp\/v2\/types\/page"}],"author":[{"embeddable":true,"href":"https:\/\/alustorealuminyum.com\/en\/wp-json\/wp\/v2\/users\/1"}],"replies":[{"embeddable":true,"href":"https:\/\/alustorealuminyum.com\/en\/wp-json\/wp\/v2\/comments?post=10286"}],"version-history":[{"count":16,"href":"https:\/\/alustorealuminyum.com\/en\/wp-json\/wp\/v2\/pages\/10286\/revisions"}],"predecessor-version":[{"id":10553,"href":"https:\/\/alustorealuminyum.com\/en\/wp-json\/wp\/v2\/pages\/10286\/revisions\/10553"}],"wp:attachment":[{"href":"https:\/\/alustorealuminyum.com\/en\/wp-json\/wp\/v2\/media?parent=10286"}],"curies":[{"name":"wp","href":"https:\/\/api.w.org\/{rel}","templated":true}]}}