{"id":10297,"date":"2024-06-06T08:30:59","date_gmt":"2024-06-06T08:30:59","guid":{"rendered":"https:\/\/alustorealuminyum.com\/?page_id=10297"},"modified":"2024-07-30T06:40:41","modified_gmt":"2024-07-30T06:40:41","slug":"uretim","status":"publish","type":"page","link":"https:\/\/alustorealuminyum.com\/en\/uretim\/","title":{"rendered":"Production"},"content":{"rendered":"<div data-elementor-type=\"wp-page\" data-elementor-id=\"10297\" class=\"elementor elementor-10297\">\n\t\t\t\t<div class=\"elementor-element elementor-element-c89f841 e-flex e-con-boxed e-con e-parent\" data-id=\"c89f841\" data-element_type=\"container\" data-e-type=\"container\">\n\t\t\t\t\t<div class=\"e-con-inner\">\n\t\t\t\t<div class=\"elementor-element elementor-element-d8d1f35 elementor-widget__width-initial elementor-widget elementor-widget-text-editor\" data-id=\"d8d1f35\" data-element_type=\"widget\" data-e-type=\"widget\" data-widget_type=\"text-editor.default\">\n\t\t\t\t<div class=\"elementor-widget-container\">\n\t\t\t\t\t\t\t\t\tALUMINUM EXTRUSION PRODUCTS\n\t\t\t\t\t\t\t\t<\/div>\n\t\t\t\t<\/div>\n\t\t\t\t<div class=\"elementor-element elementor-element-cfc1bdb elementor-widget elementor-widget-heading\" data-id=\"cfc1bdb\" data-element_type=\"widget\" data-e-type=\"widget\" data-widget_type=\"heading.default\">\n\t\t\t\t<div class=\"elementor-widget-container\">\n\t\t\t\t\t<h2 class=\"elementor-heading-title elementor-size-default\">Production\n<\/h2>\t\t\t\t<\/div>\n\t\t\t\t<\/div>\n\t\t\t\t<div class=\"elementor-element elementor-element-380e005 elementor-widget elementor-widget-text-editor\" data-id=\"380e005\" data-element_type=\"widget\" data-e-type=\"widget\" data-widget_type=\"text-editor.default\">\n\t\t\t\t<div class=\"elementor-widget-container\">\n\t\t\t\t\t\t\t\t\tFounded in 2001, Alustore Al\u00fcminyum. is one of the aluminum profile manufacturers operating in Turkey. The annual capacity of our company is 8500 tons in extrusion, and our goal in production is to offer the best quality to our customers at the most competitive prices. In line with this goal, we continue to be among the fastest growing companies in the sector.\n\n\t\t\t\t\t\t\t\t<\/div>\n\t\t\t\t<\/div>\n\t\t\t\t\t<\/div>\n\t\t\t\t<\/div>\n\t\t<div class=\"elementor-element elementor-element-1e6b83d e-flex e-con-boxed e-con e-parent\" data-id=\"1e6b83d\" data-element_type=\"container\" data-e-type=\"container\">\n\t\t\t\t\t<div class=\"e-con-inner\">\n\t\t<div class=\"elementor-element elementor-element-2d2e4e1 e-con-full e-flex e-con e-child\" data-id=\"2d2e4e1\" data-element_type=\"container\" data-e-type=\"container\">\n\t\t\t\t<div class=\"elementor-element elementor-element-b7b8aeb elementor-widget elementor-widget-image\" data-id=\"b7b8aeb\" data-element_type=\"widget\" data-e-type=\"widget\" data-widget_type=\"image.default\">\n\t\t\t\t<div class=\"elementor-widget-container\">\n\t\t\t\t\t\t\t\t\t\t\t\t\t\t\t<img fetchpriority=\"high\" decoding=\"async\" width=\"780\" height=\"611\" src=\"https:\/\/alustorealuminyum.com\/wp-content\/uploads\/2024\/07\/ekstruzyon_1.jpg\" class=\"attachment-large size-large wp-image-10995\" alt=\"\" srcset=\"https:\/\/alustorealuminyum.com\/wp-content\/uploads\/2024\/07\/ekstruzyon_1.jpg 1024w, https:\/\/alustorealuminyum.com\/wp-content\/uploads\/2024\/07\/ekstruzyon_1-300x235.jpg 300w, https:\/\/alustorealuminyum.com\/wp-content\/uploads\/2024\/07\/ekstruzyon_1-15x12.jpg 15w, https:\/\/alustorealuminyum.com\/wp-content\/uploads\/2024\/07\/ekstruzyon_1-600x470.jpg 600w\" sizes=\"(max-width: 780px) 100vw, 780px\" \/>\t\t\t\t\t\t\t\t\t\t\t\t\t\t\t<\/div>\n\t\t\t\t<\/div>\n\t\t\t\t<div class=\"elementor-element elementor-element-a9698ca elementor-widget elementor-widget-heading\" data-id=\"a9698ca\" data-element_type=\"widget\" data-e-type=\"widget\" data-widget_type=\"heading.default\">\n\t\t\t\t<div class=\"elementor-widget-container\">\n\t\t\t\t\t<h2 class=\"elementor-heading-title elementor-size-default\">Extrusion Production\n<\/h2>\t\t\t\t<\/div>\n\t\t\t\t<\/div>\n\t\t\t\t<div class=\"elementor-element elementor-element-7326779 elementor-widget elementor-widget-text-editor\" data-id=\"7326779\" data-element_type=\"widget\" data-e-type=\"widget\" data-widget_type=\"text-editor.default\">\n\t\t\t\t<div class=\"elementor-widget-container\">\n\t\t\t\t\t\t\t\t\t<p class=\"translation-block\">Alustore Aluminum has 2 extrusion presses, 1500 and 1200 tons, using 152 and 127mm diameter billets.<span style=\"color: var( --e-global-color-secondary )\">In addition to 6000 series alloys in our extrusion line Other series alloys can be used.<\/span><span style=\"color: var( --e-global-color-secondary )\">The highest quality product is produced without compromising on quality at every stage of production. With 22 years of production experience, it can easily produce even the most difficult profiles<\/span><\/p>\t\t\t\t\t\t\t\t<\/div>\n\t\t\t\t<\/div>\n\t\t\t\t<\/div>\n\t\t<div class=\"elementor-element elementor-element-d15c9dc e-con-full e-flex e-con e-child\" data-id=\"d15c9dc\" data-element_type=\"container\" data-e-type=\"container\">\n\t\t\t\t<div class=\"elementor-element elementor-element-2ebf71d elementor-widget elementor-widget-image\" data-id=\"2ebf71d\" data-element_type=\"widget\" data-e-type=\"widget\" data-widget_type=\"image.default\">\n\t\t\t\t<div class=\"elementor-widget-container\">\n\t\t\t\t\t\t\t\t\t\t\t\t\t\t\t<img decoding=\"async\" width=\"780\" height=\"611\" src=\"data:image\/svg+xml;charset=utf-8,%3Csvg xmlns%3D&#039;http%3A%2F%2Fwww.w3.org%2F2000%2Fsvg&#039; viewBox%3D&#039;0 0 1024 802&#039;%2F%3E\" class=\"attachment-large size-large wp-image-10996 ld-lazyload\" alt=\"\" data-src=\"https:\/\/alustorealuminyum.com\/wp-content\/uploads\/2024\/07\/elektrostatik-boya.jpg\" data-srcset=\"https:\/\/alustorealuminyum.com\/wp-content\/uploads\/2024\/07\/elektrostatik-boya.jpg 1024w, https:\/\/alustorealuminyum.com\/wp-content\/uploads\/2024\/07\/elektrostatik-boya-300x235.jpg 300w, https:\/\/alustorealuminyum.com\/wp-content\/uploads\/2024\/07\/elektrostatik-boya-15x12.jpg 15w, https:\/\/alustorealuminyum.com\/wp-content\/uploads\/2024\/07\/elektrostatik-boya-600x470.jpg 600w\" data-sizes=\"(max-width: 780px) 100vw, 780px\" data-aspect=\"1.2768079800499\" \/>\t\t\t\t\t\t\t\t\t\t\t\t\t\t\t<\/div>\n\t\t\t\t<\/div>\n\t\t\t\t<div class=\"elementor-element elementor-element-9cc993b elementor-widget elementor-widget-heading\" data-id=\"9cc993b\" data-element_type=\"widget\" data-e-type=\"widget\" data-widget_type=\"heading.default\">\n\t\t\t\t<div class=\"elementor-widget-container\">\n\t\t\t\t\t<h2 class=\"elementor-heading-title elementor-size-default\">Electrostatic Powder Paint\n<\/h2>\t\t\t\t<\/div>\n\t\t\t\t<\/div>\n\t\t\t\t<div class=\"elementor-element elementor-element-1f12491 elementor-widget elementor-widget-text-editor\" data-id=\"1f12491\" data-element_type=\"widget\" data-e-type=\"widget\" data-widget_type=\"text-editor.default\">\n\t\t\t\t<div class=\"elementor-widget-container\">\n\t\t\t\t\t\t\t\t\t<p>In Alustore Aluminum's electrostatic powder coating facility with an annual capacity of 2500 tons, painting is carried out with a wide range of RAL colors according to customer demands. Profiles are painted in accordance with QUALICOAT standards in the facility.<\/p><p>The surface of the painted profiles is not only resistant to corrosion, but also has good resistance to the UV effects of sunlight. The company prioritizes environmental awareness.<\/p>\t\t\t\t\t\t\t\t<\/div>\n\t\t\t\t<\/div>\n\t\t\t\t<\/div>\n\t\t<div class=\"elementor-element elementor-element-919d0df e-con-full e-flex e-con e-child\" data-id=\"919d0df\" data-element_type=\"container\" data-e-type=\"container\">\n\t\t\t\t<div class=\"elementor-element elementor-element-ba2ad11 elementor-widget elementor-widget-image\" data-id=\"ba2ad11\" data-element_type=\"widget\" data-e-type=\"widget\" data-widget_type=\"image.default\">\n\t\t\t\t<div class=\"elementor-widget-container\">\n\t\t\t\t\t\t\t\t\t\t\t\t\t\t\t<img decoding=\"async\" width=\"780\" height=\"611\" src=\"data:image\/svg+xml;charset=utf-8,%3Csvg xmlns%3D&#039;http%3A%2F%2Fwww.w3.org%2F2000%2Fsvg&#039; viewBox%3D&#039;0 0 1024 802&#039;%2F%3E\" class=\"attachment-large size-large wp-image-10997 ld-lazyload\" alt=\"\" data-src=\"https:\/\/alustorealuminyum.com\/wp-content\/uploads\/2024\/07\/eloksal.jpg\" data-srcset=\"https:\/\/alustorealuminyum.com\/wp-content\/uploads\/2024\/07\/eloksal.jpg 1024w, https:\/\/alustorealuminyum.com\/wp-content\/uploads\/2024\/07\/eloksal-300x235.jpg 300w, https:\/\/alustorealuminyum.com\/wp-content\/uploads\/2024\/07\/eloksal-15x12.jpg 15w, https:\/\/alustorealuminyum.com\/wp-content\/uploads\/2024\/07\/eloksal-600x470.jpg 600w\" data-sizes=\"(max-width: 780px) 100vw, 780px\" data-aspect=\"1.2768079800499\" \/>\t\t\t\t\t\t\t\t\t\t\t\t\t\t\t<\/div>\n\t\t\t\t<\/div>\n\t\t\t\t<div class=\"elementor-element elementor-element-0f7f9ec elementor-widget elementor-widget-heading\" data-id=\"0f7f9ec\" data-element_type=\"widget\" data-e-type=\"widget\" data-widget_type=\"heading.default\">\n\t\t\t\t<div class=\"elementor-widget-container\">\n\t\t\t\t\t<h2 class=\"elementor-heading-title elementor-size-default\">Anodizing<\/h2>\t\t\t\t<\/div>\n\t\t\t\t<\/div>\n\t\t\t\t<div class=\"elementor-element elementor-element-7a712fb elementor-widget elementor-widget-text-editor\" data-id=\"7a712fb\" data-element_type=\"widget\" data-e-type=\"widget\" data-widget_type=\"text-editor.default\">\n\t\t\t\t<div class=\"elementor-widget-container\">\n\t\t\t\t\t\t\t\t\tAlustore Aluminum can supply anodized materials on-site. It has a quality coating capacity and can be manufactured in various colors and tones, especially natural, black, yellow, brown, thanks to the anodizing process that combines visuality and durability.\n\n\t\t\t\t\t\t\t\t<\/div>\n\t\t\t\t<\/div>\n\t\t\t\t<\/div>\n\t\t\t\t\t<\/div>\n\t\t\t\t<\/div>\n\t\t<div class=\"elementor-element elementor-element-a0b50fa e-flex e-con-boxed e-con e-parent\" data-id=\"a0b50fa\" data-element_type=\"container\" data-e-type=\"container\">\n\t\t\t\t\t<div class=\"e-con-inner\">\n\t\t<div class=\"elementor-element elementor-element-cd4f67f e-con-full e-flex e-con e-child\" data-id=\"cd4f67f\" data-element_type=\"container\" data-e-type=\"container\">\n\t\t\t\t<div class=\"elementor-element elementor-element-497a864 elementor-widget elementor-widget-image\" data-id=\"497a864\" data-element_type=\"widget\" data-e-type=\"widget\" data-widget_type=\"image.default\">\n\t\t\t\t<div class=\"elementor-widget-container\">\n\t\t\t\t\t\t\t\t\t\t\t\t\t\t\t<img loading=\"lazy\" decoding=\"async\" width=\"780\" height=\"611\" src=\"data:image\/svg+xml;charset=utf-8,%3Csvg xmlns%3D&#039;http%3A%2F%2Fwww.w3.org%2F2000%2Fsvg&#039; viewBox%3D&#039;0 0 1024 802&#039;%2F%3E\" class=\"attachment-large size-large wp-image-10998 ld-lazyload\" alt=\"\" data-src=\"https:\/\/alustorealuminyum.com\/wp-content\/uploads\/2024\/07\/kaliphane.jpg\" data-srcset=\"https:\/\/alustorealuminyum.com\/wp-content\/uploads\/2024\/07\/kaliphane.jpg 1024w, https:\/\/alustorealuminyum.com\/wp-content\/uploads\/2024\/07\/kaliphane-300x235.jpg 300w, https:\/\/alustorealuminyum.com\/wp-content\/uploads\/2024\/07\/kaliphane-15x12.jpg 15w, https:\/\/alustorealuminyum.com\/wp-content\/uploads\/2024\/07\/kaliphane-600x470.jpg 600w\" data-sizes=\"(max-width: 780px) 100vw, 780px\" data-aspect=\"1.2768079800499\" \/>\t\t\t\t\t\t\t\t\t\t\t\t\t\t\t<\/div>\n\t\t\t\t<\/div>\n\t\t\t\t<div class=\"elementor-element elementor-element-e1f87a7 elementor-widget elementor-widget-heading\" data-id=\"e1f87a7\" data-element_type=\"widget\" data-e-type=\"widget\" data-widget_type=\"heading.default\">\n\t\t\t\t<div class=\"elementor-widget-container\">\n\t\t\t\t\t<h2 class=\"elementor-heading-title elementor-size-default\">Toolroom<\/h2>\t\t\t\t<\/div>\n\t\t\t\t<\/div>\n\t\t\t\t<div class=\"elementor-element elementor-element-dde93ec elementor-widget elementor-widget-text-editor\" data-id=\"dde93ec\" data-element_type=\"widget\" data-e-type=\"widget\" data-widget_type=\"text-editor.default\">\n\t\t\t\t<div class=\"elementor-widget-container\">\n\t\t\t\t\t\t\t\t\tAlustore Aluminum can produce all kinds of profiles with over 2000 mold types in its facilities.\nMolds are made to meet the strength, function, perfect surface, size within tolerances, physical properties and quality expectations expected from the profile.\nAlustore Aluminum has experience in many sectors with its archive containing molds in more than 20 sectors.\t\t\t\t\t\t\t\t<\/div>\n\t\t\t\t<\/div>\n\t\t\t\t<\/div>\n\t\t<div class=\"elementor-element elementor-element-49b9339 e-con-full e-flex e-con e-child\" data-id=\"49b9339\" data-element_type=\"container\" data-e-type=\"container\">\n\t\t\t\t<div class=\"elementor-element elementor-element-a407734 elementor-widget elementor-widget-image\" data-id=\"a407734\" data-element_type=\"widget\" data-e-type=\"widget\" data-widget_type=\"image.default\">\n\t\t\t\t<div class=\"elementor-widget-container\">\n\t\t\t\t\t\t\t\t\t\t\t\t\t\t\t<img loading=\"lazy\" decoding=\"async\" width=\"780\" height=\"611\" src=\"data:image\/svg+xml;charset=utf-8,%3Csvg xmlns%3D&#039;http%3A%2F%2Fwww.w3.org%2F2000%2Fsvg&#039; viewBox%3D&#039;0 0 1024 802&#039;%2F%3E\" class=\"attachment-large size-large wp-image-10999 ld-lazyload\" alt=\"\" data-src=\"https:\/\/alustorealuminyum.com\/wp-content\/uploads\/2024\/07\/mekanik.jpg\" data-srcset=\"https:\/\/alustorealuminyum.com\/wp-content\/uploads\/2024\/07\/mekanik.jpg 1024w, https:\/\/alustorealuminyum.com\/wp-content\/uploads\/2024\/07\/mekanik-300x235.jpg 300w, https:\/\/alustorealuminyum.com\/wp-content\/uploads\/2024\/07\/mekanik-15x12.jpg 15w, https:\/\/alustorealuminyum.com\/wp-content\/uploads\/2024\/07\/mekanik-600x470.jpg 600w\" data-sizes=\"(max-width: 780px) 100vw, 780px\" data-aspect=\"1.2768079800499\" \/>\t\t\t\t\t\t\t\t\t\t\t\t\t\t\t<\/div>\n\t\t\t\t<\/div>\n\t\t\t\t<div class=\"elementor-element elementor-element-1c3c650 elementor-widget elementor-widget-heading\" data-id=\"1c3c650\" data-element_type=\"widget\" data-e-type=\"widget\" data-widget_type=\"heading.default\">\n\t\t\t\t<div class=\"elementor-widget-container\">\n\t\t\t\t\t<h2 class=\"elementor-heading-title elementor-size-default\">Mechanical Processing\n<\/h2>\t\t\t\t<\/div>\n\t\t\t\t<\/div>\n\t\t\t\t<div class=\"elementor-element elementor-element-05b0917 elementor-widget elementor-widget-text-editor\" data-id=\"05b0917\" data-element_type=\"widget\" data-e-type=\"widget\" data-widget_type=\"text-editor.default\">\n\t\t\t\t<div class=\"elementor-widget-container\">\n\t\t\t\t\t\t\t\t\tAlustore Aluminum provides services such as angled and very low tolerance cutting with double head saws, drilling, blanking, tearing, CNC milling, hole drilling, countersinking, threading, chamfering and deburring in eccentric presses in its facilities.\n\n\t\t\t\t\t\t\t\t<\/div>\n\t\t\t\t<\/div>\n\t\t\t\t<\/div>\n\t\t<div class=\"elementor-element elementor-element-3820c7a e-con-full e-flex e-con e-child\" data-id=\"3820c7a\" data-element_type=\"container\" data-e-type=\"container\">\n\t\t\t\t<div class=\"elementor-element elementor-element-c2d9aab elementor-widget elementor-widget-image\" data-id=\"c2d9aab\" data-element_type=\"widget\" data-e-type=\"widget\" data-widget_type=\"image.default\">\n\t\t\t\t<div class=\"elementor-widget-container\">\n\t\t\t\t\t\t\t\t\t\t\t\t\t\t\t<img loading=\"lazy\" decoding=\"async\" width=\"780\" height=\"611\" src=\"data:image\/svg+xml;charset=utf-8,%3Csvg xmlns%3D&#039;http%3A%2F%2Fwww.w3.org%2F2000%2Fsvg&#039; viewBox%3D&#039;0 0 1024 802&#039;%2F%3E\" class=\"attachment-large size-large wp-image-11000 ld-lazyload\" alt=\"\" data-src=\"https:\/\/alustorealuminyum.com\/wp-content\/uploads\/2024\/07\/paketleme.jpg\" data-srcset=\"https:\/\/alustorealuminyum.com\/wp-content\/uploads\/2024\/07\/paketleme.jpg 1024w, https:\/\/alustorealuminyum.com\/wp-content\/uploads\/2024\/07\/paketleme-300x235.jpg 300w, https:\/\/alustorealuminyum.com\/wp-content\/uploads\/2024\/07\/paketleme-15x12.jpg 15w, https:\/\/alustorealuminyum.com\/wp-content\/uploads\/2024\/07\/paketleme-600x470.jpg 600w\" data-sizes=\"(max-width: 780px) 100vw, 780px\" data-aspect=\"1.2768079800499\" \/>\t\t\t\t\t\t\t\t\t\t\t\t\t\t\t<\/div>\n\t\t\t\t<\/div>\n\t\t\t\t<div class=\"elementor-element elementor-element-df0cd77 elementor-widget elementor-widget-heading\" data-id=\"df0cd77\" data-element_type=\"widget\" data-e-type=\"widget\" data-widget_type=\"heading.default\">\n\t\t\t\t<div class=\"elementor-widget-container\">\n\t\t\t\t\t<h2 class=\"elementor-heading-title elementor-size-default\">Packaging<\/h2>\t\t\t\t<\/div>\n\t\t\t\t<\/div>\n\t\t\t\t<div class=\"elementor-element elementor-element-6164b19 elementor-widget elementor-widget-text-editor\" data-id=\"6164b19\" data-element_type=\"widget\" data-e-type=\"widget\" data-widget_type=\"text-editor.default\">\n\t\t\t\t<div class=\"elementor-widget-container\">\n\t\t\t\t\t\t\t\t\tAt Alustore Aluminum, all products produced in the packaging department are packaged according to long-term storage and transportation conditions and made ready for shipment.\n\n\t\t\t\t\t\t\t\t<\/div>\n\t\t\t\t<\/div>\n\t\t\t\t<\/div>\n\t\t\t\t\t<\/div>\n\t\t\t\t<\/div>\n\t\t<div class=\"elementor-element elementor-element-cba3e95 e-flex e-con-boxed e-con e-parent\" data-id=\"cba3e95\" data-element_type=\"container\" data-e-type=\"container\" data-settings=\"{&quot;background_background&quot;:&quot;classic&quot;}\">\n\t\t\t\t\t<div class=\"e-con-inner\">\n\t\t<div class=\"elementor-element elementor-element-dd3e5e1 e-con-full e-flex e-con e-child\" data-id=\"dd3e5e1\" data-element_type=\"container\" data-e-type=\"container\">\n\t\t\t\t<div class=\"elementor-element elementor-element-2f56cf6 elementor-align-left elementor-widget elementor-widget-ld_icon_box\" data-id=\"2f56cf6\" data-element_type=\"widget\" data-e-type=\"widget\" data-widget_type=\"ld_icon_box.default\">\n\t\t\t\t<div class=\"elementor-widget-container\">\n\t\t\t\t\t\n\t\t\t<div id=\"ld_icon_box_2f56cf6\" class=\"iconbox d-flex flex-grow-1 pos-rel iconbox-side\"   >\n\n\t\t\t\t\n\t\t\t\t<div class=\"iconbox-icon-wrap\"><div class=\"iconbox-icon-container d-inline-flex\"><svg aria-hidden=\"true\" class=\"e-font-icon-svg e-fas-check-circle\" viewbox=\"0 0 512 512\" xmlns=\"http:\/\/www.w3.org\/2000\/svg\"><path d=\"M504 256c0 136.967-111.033 248-248 248S8 392.967 8 256 119.033 8 256 8s248 111.033 248 248zM227.314 387.314l184-184c6.248-6.248 6.248-16.379 0-22.627l-22.627-22.627c-6.248-6.249-16.379-6.249-22.628 0L216 308.118l-70.059-70.059c-6.248-6.248-16.379-6.248-22.628 0l-22.627 22.627c-6.248 6.248-6.248 16.379 0 22.627l104 104c6.249 6.249 16.379 6.249 22.628.001z\"><\/path><\/svg><\/div><\/div>\n\t\t\t\t\n\t\t\t\t<div class=\"contents\">\n\t\t\t\t\n\t\t\t\t<h3 class=\"lqd-iconbox-heading\" >Professional Service\n <\/h3>\t\t\t\t<p>Sectors we serve; It supplies aluminum profiles in many sectors, from the construction and building sectors to the industrial sectors.\n\n<\/p>\n\t\t\t\t\n\t\t\t\t<\/div>\n\t\t\t\t\n\t\t\t<\/div>\n\n\t\t\t\t\t\t<\/div>\n\t\t\t\t<\/div>\n\t\t\t\t<\/div>\n\t\t<div class=\"elementor-element elementor-element-91a98d0 e-con-full e-flex e-con e-child\" data-id=\"91a98d0\" data-element_type=\"container\" data-e-type=\"container\">\n\t\t\t\t<div class=\"elementor-element elementor-element-6ea2444 elementor-align-left elementor-widget elementor-widget-ld_icon_box\" data-id=\"6ea2444\" data-element_type=\"widget\" data-e-type=\"widget\" data-widget_type=\"ld_icon_box.default\">\n\t\t\t\t<div class=\"elementor-widget-container\">\n\t\t\t\t\t\n\t\t\t<div id=\"ld_icon_box_6ea2444\" class=\"iconbox d-flex flex-grow-1 pos-rel iconbox-side\"   >\n\n\t\t\t\t\n\t\t\t\t<div class=\"iconbox-icon-wrap\"><div class=\"iconbox-icon-container d-inline-flex\"><svg aria-hidden=\"true\" class=\"e-font-icon-svg e-fas-check-circle\" viewbox=\"0 0 512 512\" xmlns=\"http:\/\/www.w3.org\/2000\/svg\"><path d=\"M504 256c0 136.967-111.033 248-248 248S8 392.967 8 256 119.033 8 256 8s248 111.033 248 248zM227.314 387.314l184-184c6.248-6.248 6.248-16.379 0-22.627l-22.627-22.627c-6.248-6.249-16.379-6.249-22.628 0L216 308.118l-70.059-70.059c-6.248-6.248-16.379-6.248-22.628 0l-22.627 22.627c-6.248 6.248-6.248 16.379 0 22.627l104 104c6.249 6.249 16.379 6.249 22.628.001z\"><\/path><\/svg><\/div><\/div>\n\t\t\t\t\n\t\t\t\t<div class=\"contents\">\n\t\t\t\t\n\t\t\t\t<h3 class=\"lqd-iconbox-heading\" >World Class Production\n <\/h3>\t\t\t\t<p>Our quality system is secured by ISO 9001:2015. Our surface types are divided into three groups: pressed, anodized and static painted.\n\n<\/p>\n\t\t\t\t\n\t\t\t\t<\/div>\n\t\t\t\t\n\t\t\t<\/div>\n\n\t\t\t\t\t\t<\/div>\n\t\t\t\t<\/div>\n\t\t\t\t<\/div>\n\t\t<div class=\"elementor-element elementor-element-cebef19 e-con-full e-flex e-con e-child\" data-id=\"cebef19\" data-element_type=\"container\" data-e-type=\"container\">\n\t\t\t\t<div class=\"elementor-element elementor-element-d131d55 elementor-align-left elementor-widget elementor-widget-ld_icon_box\" data-id=\"d131d55\" data-element_type=\"widget\" data-e-type=\"widget\" data-widget_type=\"ld_icon_box.default\">\n\t\t\t\t<div class=\"elementor-widget-container\">\n\t\t\t\t\t\n\t\t\t<div id=\"ld_icon_box_d131d55\" class=\"iconbox d-flex flex-grow-1 pos-rel iconbox-side\"   >\n\n\t\t\t\t\n\t\t\t\t<div class=\"iconbox-icon-wrap\"><div class=\"iconbox-icon-container d-inline-flex\"><svg aria-hidden=\"true\" class=\"e-font-icon-svg e-fas-check-circle\" viewbox=\"0 0 512 512\" xmlns=\"http:\/\/www.w3.org\/2000\/svg\"><path d=\"M504 256c0 136.967-111.033 248-248 248S8 392.967 8 256 119.033 8 256 8s248 111.033 248 248zM227.314 387.314l184-184c6.248-6.248 6.248-16.379 0-22.627l-22.627-22.627c-6.248-6.249-16.379-6.249-22.628 0L216 308.118l-70.059-70.059c-6.248-6.248-16.379-6.248-22.628 0l-22.627 22.627c-6.248 6.248-6.248 16.379 0 22.627l104 104c6.249 6.249 16.379 6.249 22.628.001z\"><\/path><\/svg><\/div><\/div>\n\t\t\t\t\n\t\t\t\t<div class=\"contents\">\n\t\t\t\t\n\t\t\t\t<h3 class=\"lqd-iconbox-heading\" >High Capacity\n <\/h3>\t\t\t\t<p>While our current production system offers customer-specific profile production options, it also provides the opportunity to perform all kinds of mechanical operations on these specially produced products in line with the demands.\n\n<\/p>\n\t\t\t\t\n\t\t\t\t<\/div>\n\t\t\t\t\n\t\t\t<\/div>\n\n\t\t\t\t\t\t<\/div>\n\t\t\t\t<\/div>\n\t\t\t\t<\/div>\n\t\t\t\t\t<\/div>\n\t\t\t\t<\/div>\n\t\t<div class=\"elementor-element elementor-element-89323ee e-flex e-con-boxed e-con e-parent\" data-id=\"89323ee\" data-element_type=\"container\" data-e-type=\"container\">\n\t\t\t\t\t<div class=\"e-con-inner\">\n\t\t<div class=\"elementor-element elementor-element-8e89ef3 e-con-full e-flex e-con e-child\" data-id=\"8e89ef3\" data-element_type=\"container\" data-e-type=\"container\">\n\t\t\t\t<div class=\"elementor-element elementor-element-1da00a6 elementor-widget elementor-widget-image\" data-id=\"1da00a6\" data-element_type=\"widget\" data-e-type=\"widget\" data-widget_type=\"image.default\">\n\t\t\t\t<div class=\"elementor-widget-container\">\n\t\t\t\t\t\t\t\t\t\t\t\t\t\t\t<img loading=\"lazy\" decoding=\"async\" width=\"780\" height=\"800\" src=\"data:image\/svg+xml;charset=utf-8,%3Csvg xmlns%3D&#039;http%3A%2F%2Fwww.w3.org%2F2000%2Fsvg&#039; viewBox%3D&#039;0 0 998 1024&#039;%2F%3E\" class=\"attachment-large size-large wp-image-11002 ld-lazyload\" alt=\"\" data-src=\"https:\/\/alustorealuminyum.com\/wp-content\/uploads\/2024\/07\/mekanik2-998x1024.jpg\" data-srcset=\"https:\/\/alustorealuminyum.com\/wp-content\/uploads\/2024\/07\/mekanik2-998x1024.jpg 998w, https:\/\/alustorealuminyum.com\/wp-content\/uploads\/2024\/07\/mekanik2-292x300.jpg 292w, https:\/\/alustorealuminyum.com\/wp-content\/uploads\/2024\/07\/mekanik2-12x12.jpg 12w, https:\/\/alustorealuminyum.com\/wp-content\/uploads\/2024\/07\/mekanik2-600x616.jpg 600w, https:\/\/alustorealuminyum.com\/wp-content\/uploads\/2024\/07\/mekanik2.jpg 1024w\" data-sizes=\"(max-width: 780px) 100vw, 780px\" data-aspect=\"0.974609375\" \/>\t\t\t\t\t\t\t\t\t\t\t\t\t\t\t<\/div>\n\t\t\t\t<\/div>\n\t\t\t\t<\/div>\n\t\t<div class=\"elementor-element elementor-element-9568752 e-con-full e-flex e-con e-child\" data-id=\"9568752\" data-element_type=\"container\" data-e-type=\"container\">\n\t\t\t\t<div class=\"elementor-element elementor-element-bf3eefa elementor-widget__width-initial elementor-widget elementor-widget-text-editor\" data-id=\"bf3eefa\" data-element_type=\"widget\" data-e-type=\"widget\" data-widget_type=\"text-editor.default\">\n\t\t\t\t<div class=\"elementor-widget-container\">\n\t\t\t\t\t\t\t\t\tALUMINUM EXTRUSION PRODUCTS\n\t\t\t\t\t\t\t\t<\/div>\n\t\t\t\t<\/div>\n\t\t\t\t<div class=\"elementor-element elementor-element-0b6fb30 elementor-widget elementor-widget-heading\" data-id=\"0b6fb30\" data-element_type=\"widget\" data-e-type=\"widget\" data-widget_type=\"heading.default\">\n\t\t\t\t<div class=\"elementor-widget-container\">\n\t\t\t\t\t<h2 class=\"elementor-heading-title elementor-size-default\">Fully Equipped Production Facility\n<\/h2>\t\t\t\t<\/div>\n\t\t\t\t<\/div>\n\t\t\t\t<div class=\"elementor-element elementor-element-3e98043 elementor-widget elementor-widget-text-editor\" data-id=\"3e98043\" data-element_type=\"widget\" data-e-type=\"widget\" data-widget_type=\"text-editor.default\">\n\t\t\t\t<div class=\"elementor-widget-container\">\n\t\t\t\t\t\t\t\t\t<p>In our Mechanical Processing department, we can perform the following processes<\/p><ul><li>CNC Machining<\/li><li>Cutting<\/li><li>Punch<\/li><li>Drilling, Multiple Drilling<\/li><li>Countersinking<\/li><li>Bending<\/li><li>Special Packaging (Boxing, Labeling, Shrink Wrapping, etc.)<\/li><\/ul>\t\t\t\t\t\t\t\t<\/div>\n\t\t\t\t<\/div>\n\t\t\t\t<\/div>\n\t\t\t\t\t<\/div>\n\t\t\t\t<\/div>\n\t\t\t\t<\/div>","protected":false},"excerpt":{"rendered":"<p>ALUM\u0130NYUM EKSTR\u00dcZYON \u00dcR\u00dcNLER\u0130 \u00dcretim 2001 y\u0131l\u0131nda kurulmu\u015f olan Alustore Al\u00fcminyum., T\u00fcrkiye\u2019de faaliyet g\u00f6steren al\u00fcminyum profil \u00fcreticilerinden biridir. \u015eirketimizin y\u0131ll\u0131k kapasitesi, ekstr\u00fczyonda 8500 ton olup, \u00fcretimde hedefimiz, en iyi kaliteyi en rekabet\u00e7i fiyatlarla m\u00fc\u015fterilerimize sunmakt\u0131r. Bu hedef do\u011frultusunda sekt\u00f6r\u00fcn en h\u0131zl\u0131 b\u00fcy\u00fcyen firmalar\u0131 aras\u0131nda yer almaya devam ediyoruz. Ekstr\u00fczyon \u00dcretim Alustore Al\u00fcminyum, 1500 ve 1200 ton [&hellip;]<\/p>\n","protected":false},"author":1,"featured_media":0,"parent":0,"menu_order":0,"comment_status":"closed","ping_status":"closed","template":"","meta":{"footnotes":""},"class_list":["post-10297","page","type-page","status-publish","hentry"],"_links":{"self":[{"href":"https:\/\/alustorealuminyum.com\/en\/wp-json\/wp\/v2\/pages\/10297","targetHints":{"allow":["GET"]}}],"collection":[{"href":"https:\/\/alustorealuminyum.com\/en\/wp-json\/wp\/v2\/pages"}],"about":[{"href":"https:\/\/alustorealuminyum.com\/en\/wp-json\/wp\/v2\/types\/page"}],"author":[{"embeddable":true,"href":"https:\/\/alustorealuminyum.com\/en\/wp-json\/wp\/v2\/users\/1"}],"replies":[{"embeddable":true,"href":"https:\/\/alustorealuminyum.com\/en\/wp-json\/wp\/v2\/comments?post=10297"}],"version-history":[{"count":13,"href":"https:\/\/alustorealuminyum.com\/en\/wp-json\/wp\/v2\/pages\/10297\/revisions"}],"predecessor-version":[{"id":11005,"href":"https:\/\/alustorealuminyum.com\/en\/wp-json\/wp\/v2\/pages\/10297\/revisions\/11005"}],"wp:attachment":[{"href":"https:\/\/alustorealuminyum.com\/en\/wp-json\/wp\/v2\/media?parent=10297"}],"curies":[{"name":"wp","href":"https:\/\/api.w.org\/{rel}","templated":true}]}}