{"id":8958,"date":"2020-12-14T07:27:37","date_gmt":"2020-12-14T07:27:37","guid":{"rendered":"https:\/\/companyhub.liquid-themes.com\/staging\/?page_id=8958"},"modified":"2024-07-30T06:52:39","modified_gmt":"2024-07-30T06:52:39","slug":"hakkimizda","status":"publish","type":"page","link":"https:\/\/alustorealuminyum.com\/en\/hakkimizda\/","title":{"rendered":"About us"},"content":{"rendered":"<div data-elementor-type=\"wp-page\" data-elementor-id=\"8958\" class=\"elementor elementor-8958\">\n\t\t\t\t<div class=\"elementor-element elementor-element-609f725 e-flex e-con-boxed e-con e-parent\" data-id=\"609f725\" data-element_type=\"container\" data-e-type=\"container\">\n\t\t\t\t\t<div class=\"e-con-inner\">\n\t\t\t\t<div class=\"elementor-element elementor-element-c47ebbe elementor-widget__width-initial elementor-widget elementor-widget-text-editor\" data-id=\"c47ebbe\" data-element_type=\"widget\" data-e-type=\"widget\" data-widget_type=\"text-editor.default\">\n\t\t\t\t<div class=\"elementor-widget-container\">\n\t\t\t\t\t\t\t\t\tALUMINUM EXTRUSION PRODUCTS\n\t\t\t\t\t\t\t\t<\/div>\n\t\t\t\t<\/div>\n\t\t\t\t<div class=\"elementor-element elementor-element-891bc45 elementor-widget elementor-widget-heading\" data-id=\"891bc45\" data-element_type=\"widget\" data-e-type=\"widget\" data-widget_type=\"heading.default\">\n\t\t\t\t<div class=\"elementor-widget-container\">\n\t\t\t\t\t<h2 class=\"elementor-heading-title elementor-size-default\">About us\n<\/h2>\t\t\t\t<\/div>\n\t\t\t\t<\/div>\n\t\t\t\t<div class=\"elementor-element elementor-element-341012f elementor-widget elementor-widget-text-editor\" data-id=\"341012f\" data-element_type=\"widget\" data-e-type=\"widget\" data-widget_type=\"text-editor.default\">\n\t\t\t\t<div class=\"elementor-widget-container\">\n\t\t\t\t\t\t\t\t\tFounded in 2001, Alustore Aluminum is one of the aluminum profile manufacturers operating in Turkey. The annual capacity of our company is 8,500 tons in extrusion, and our goal in production is to offer the best quality to our customers at the most competitive prices. In line with this goal, we continue to be among the fastest growing companies in the sector.\t\t\t\t\t\t\t\t<\/div>\n\t\t\t\t<\/div>\n\t\t\t\t<div class=\"elementor-element elementor-element-fa6212f elementor-widget__width-initial elementor-widget elementor-widget-text-editor\" data-id=\"fa6212f\" data-element_type=\"widget\" data-e-type=\"widget\" data-widget_type=\"text-editor.default\">\n\t\t\t\t<div class=\"elementor-widget-container\">\n\t\t\t\t\t\t\t\t\tCOMPETENCIES\n\t\t\t\t\t\t\t\t<\/div>\n\t\t\t\t<\/div>\n\t\t\t\t<div class=\"elementor-element elementor-element-ad19bde elementor-widget elementor-widget-heading\" data-id=\"ad19bde\" data-element_type=\"widget\" data-e-type=\"widget\" data-widget_type=\"heading.default\">\n\t\t\t\t<div class=\"elementor-widget-container\">\n\t\t\t\t\t<h2 class=\"elementor-heading-title elementor-size-default\">Production Activities\n<\/h2>\t\t\t\t<\/div>\n\t\t\t\t<\/div>\n\t\t\t\t<div class=\"elementor-element elementor-element-7d35dfc elementor-widget elementor-widget-text-editor\" data-id=\"7d35dfc\" data-element_type=\"widget\" data-e-type=\"widget\" data-widget_type=\"text-editor.default\">\n\t\t\t\t<div class=\"elementor-widget-container\">\n\t\t\t\t\t\t\t\t\t<p class=\"translation-block\">We carry out our production activities in a wide range with our two extrusion lines located in our Gebze facilities. The tonnages and billet diameters of our production lines are as follows:<br><br>1500 MT 6\u201c (152 mm)<br>1200 MT 5\u201c (127 mm)<br><br>Alloys;<br><br>6060<br>6063<br>6463<\/p>\t\t\t\t\t\t\t\t<\/div>\n\t\t\t\t<\/div>\n\t\t\t\t\t<\/div>\n\t\t\t\t<\/div>\n\t\t<div class=\"elementor-element elementor-element-2b832c8 e-con-full e-flex e-con e-parent\" data-id=\"2b832c8\" data-element_type=\"container\" data-e-type=\"container\">\n\t\t<div class=\"elementor-element elementor-element-cf4e7aa e-flex e-con-boxed e-con e-child\" data-id=\"cf4e7aa\" data-element_type=\"container\" data-e-type=\"container\" data-settings=\"{&quot;background_background&quot;:&quot;classic&quot;}\">\n\t\t\t\t\t<div class=\"e-con-inner\">\n\t\t<div class=\"elementor-element elementor-element-debb707 e-flex e-con-boxed e-con e-child\" data-id=\"debb707\" data-element_type=\"container\" data-e-type=\"container\">\n\t\t\t\t\t<div class=\"e-con-inner\">\n\t\t\t\t<div class=\"elementor-element elementor-element-8f6df53 elementor-widget elementor-widget-image\" data-id=\"8f6df53\" data-element_type=\"widget\" data-e-type=\"widget\" data-widget_type=\"image.default\">\n\t\t\t\t<div class=\"elementor-widget-container\">\n\t\t\t\t\t\t\t\t\t\t\t\t\t\t\t<img fetchpriority=\"high\" decoding=\"async\" width=\"780\" height=\"140\" src=\"https:\/\/alustorealuminyum.com\/wp-content\/uploads\/2021\/05\/logo-white.png\" class=\"attachment-large size-large wp-image-10729\" alt=\"\" srcset=\"https:\/\/alustorealuminyum.com\/wp-content\/uploads\/2021\/05\/logo-white.png 958w, https:\/\/alustorealuminyum.com\/wp-content\/uploads\/2021\/05\/logo-white-300x54.png 300w, https:\/\/alustorealuminyum.com\/wp-content\/uploads\/2021\/05\/logo-white-600x108.png 600w, https:\/\/alustorealuminyum.com\/wp-content\/uploads\/2021\/05\/logo-white-18x3.png 18w\" sizes=\"(max-width: 780px) 100vw, 780px\" \/>\t\t\t\t\t\t\t\t\t\t\t\t\t\t\t<\/div>\n\t\t\t\t<\/div>\n\t\t\t\t\t<\/div>\n\t\t\t\t<\/div>\n\t\t<div class=\"elementor-element elementor-element-7cff905 e-con-full e-flex e-con e-child\" data-id=\"7cff905\" data-element_type=\"container\" data-e-type=\"container\">\n\t\t\t\t<div class=\"elementor-element elementor-element-fc1e881 elementor-widget elementor-widget-html\" data-id=\"fc1e881\" data-element_type=\"widget\" data-e-type=\"widget\" data-widget_type=\"html.default\">\n\t\t\t\t<div class=\"elementor-widget-container\">\n\t\t\t\t\t<svg aria-hidden=\"true\" style=\"position: absolute; width: 0; height: 0; overflow: hidden;\" version=\"1.1\" xmlns=\"http:\/\/www.w3.org\/2000\/svg\" xmlns:xlink=\"http:\/\/www.w3.org\/1999\/xlink\">\r\n  <defs>\r\n    <symbol id=\"icon-world\" viewbox=\"0 0 216 100\">\r\n      <title>world<\/title>\r\n      <g fill-rule=\"nonzero\"><path d=\"M48 94l-3-4-2-14c0-3-1-5-3-8-4-5-6-9-4-11l1-4 1-3c2-1 9 0 11 1l3 2 2 3 1 2 8 2c1 1 2 2 0 7-1 5-2 7-4 7l-2 3-2 4-2 3-2 1c-2 2-2 9 0 10v1l-3-2zM188 90l3-2h1l-4 2zM176 87h2l-1 1-1-1zM195 86l3-2-2 2h-1zM175 83l-1-2-2-1-6 1c-5 1-5 1-5-2l1-4 2-2 4-3c5-4 9-5 9-3 0 3 3 3 4 1s1-2 1 0l3 4c2 4 1 6-2 10-4 3-7 4-8 1zM100 80c-2-4-4-11-3-14l-1-6c-1-1-2-3-1-4 0-2-4-3-9-3-4 0-5 0-7-3-1-2-2-4-1-7l3-6 3-3c1-2 10-4 11-2l6 3 5-1c3 1 4 0 5-1s-1-2-2-2l-4-1c0-1 3-3 6-2 3 0 3 0 2-2-2-2-6-2-7 0l-2 2-1 2-3-2-3-3c-1 0-1 1 1 2l1 2-2-1c-4-3-6-2-8 1-2 2-4 3-5 1-1-1 0-4 2-4l2-2 1-2 3-2 3-2 2 1c3 0 7-3 5-4l-1-3h-1l-1 3-2 2h-1l-2-1c-2-1-2-1 1-4 5-4 6-4 11-3 4 1 4 1 2 2v1l3-1 6-1c5 0 6-1 5-2l2 1c1 2 2 2 2 1-2-4 12-7 14-4l11 1 29 3 1 2-3 3c-2 0-2 0-1 1l1 3h-2c-1-1-2-3-1-4h-4l-6 2c-1 1-1 1 2 2 3 2 4 6 1 8v3c1 3 0 3-3 0s-4-1-2 3c3 4 3 7-2 8-5 2-4 1-2 5 2 3 0 5-3 4l-2-1-2-2-1-1-1-1-2-2c-1-2-1-2-4 0-2 1-3 4-3 5-1 3-1 3-3 1l-2-4c0-2-1-3-2-3l-1-1-4-2-6-1-4-2c-1 1 3 4 5 4h2c1 1 0 2-1 4-3 2-7 4-8 3l-7-10 5 10c2 2 3 3 5 2 3 0 2 1-2 7-4 4-4 5-4 8 1 3 1 4-1 6l-2 3c0 2-6 9-8 9l-3-2zm22-51l-2-3-1-1v-1c-2 0-2 2-1 4 2 3 4 4 4 1z\"\/><path d=\"M117 75c-1-2 0-6 2-7h2l-2 5c0 2-1 3-2 1zM186 64h-3c-2 0-6-3-5-5 1-1 6 1 7 3l2 3-2-1zM160 62h2c1 1 0 1-1 1l-1-1zM154 57l-1-2c2 2 3 1 2-2l-2-3 2 2 1 4 1 3v2l-3-4zM161 59c-1-1-1-2 1-4 3-3 4-3 4 0 0 4-2 6-5 4zM167 59l1-1 1 1-1 1-1-1zM176 59l1-1v2l-1-1zM141 52l1-1v2l-1-1zM170 52l1-1v2l-1-1zM32 50c-1-2-4-3-6-4-4-1-5-3-7-6l-3-5-2-2c-1-3-1-6 2-9 1-1 2-3 1-5 0-4-3-5-8-4H4l2-2 1-1 1-1 2-1c1-2 7-2 23-1 12 1 12 1 12-1h1c1 1 2 2 3 1l1 1-3 1c-2 0-8 4-8 5l2 1 2 3 4-3c3-4 4-4 5-3l3 1 1 2 1 2c3 0-1 2-4 2-2 0-2 0-2 2 1 1 0 2-2 2-4 1-12 9-12 12 0 2 0 2-1 1 0-2-2-3-6-2-3 0-4 1-4 3-2 4 0 6 3 4 3-1 3-1 2 1s-1 2 1 2l1 2 1 3 1 1-3-2zm8-24l1-1c0-1-4-3-5-2l1 1v2c-1 1-1 1 0 0h3zM167 47v-3l1 2c1 2 0 3-1 1z\"\/><path d=\"M41 43h2l-1 1-1-1zM37 42v-1l2 1h-2zM16 38l1-1v2l-1-1zM172 32l2-3h1c1 2 0 4-3 4v-1zM173 26h2l-1 1-1-1zM56 22h2l-2 1v-1zM87 19l1-2 1 3-1 1-1-2zM85 19l1-1v1l-1 1v-1zM64 12l1-3c2 0-1-4-3-4s-2 0 0-1V3l-6 2c-3 1-3 1-2-1 2-1 4-2 15-2h14c0 2-6 7-10 9l-5 2-2 1-2-2zM53 12l1-1c2 0-1-3-3-3-2-1-1-1 1-1l4 2c2 1 2 1 1 3-2 1-4 2-4 0zM80 12l1-1 1 1-1 1-1-1zM36 8h-2V7c1-1 7 0 7 1h-5zM116 7l1-1v1l-1 1V7zM50 5h2l-1 1-1-1zM97 5l2-1c0-1 1-1 0 0l-2 1z\"\/><\/g>\r\n    <\/symbol>\r\n    <symbol id=\"icon-repeated-world\" viewbox=\"0 0 432 100\">\r\n      <use href=\"#icon-world\" x=\"0\"><\/use>\r\n      <use href=\"#icon-world\" x=\"189\"><\/use>\r\n    <\/symbol>\r\n  <\/defs>      \r\n<\/svg>\r\n\r\n<div class=\"notice\">\r\n  <span class=\"world\">\r\n    <span class=\"images\">\r\n      <svg><use href=\"#icon-repeated-world\"><\/use><\/svg>\r\n    <\/span>\r\n  <\/span>\r\n<\/div>\r\n\r\n<style>\r\n    :root {\r\n  --hue: 220deg;\r\n  --base-bg-sat: 20%;\r\n  --base-bg-lum: 12%;\r\n  --base-bg: hsl(var(--hue), var(--base-bg-sat), var(--base-bg-lum));\r\n  --base-fg-sat: 50%;\r\n  --base-fg-lum: 80%;\r\n  --base-fg: hsl(var(--hue), var(--base-fg-sat), var(--base-fg-lum));\r\n  --filter-fg: saturate(100%) brightness(100%);\r\n  --module-bg-sat: 18%;\r\n  --module-bg-lum: 27%;\r\n  --module-bg: hsl(var(--hue), var(--module-bg-sat), var(--module-bg-lum));\r\n}\r\n\r\nbody {\r\n  background-color: var(--base-bg);\r\n}\r\n\r\ndiv.notice {\r\n  font-size: 4em;\r\n  text-align: center;\r\n  margin-top: 0.2em;\r\n}\r\n\r\n.world {\r\n  fill: #FFCD28;\r\n  width: 1em;\r\n  height: 1em;\r\n  display: inline-block;\r\n  border-radius: 50%;\r\n  overflow: hidden;\r\n  white-space: nowrap;\r\n  border: 2px solid #FFCD28;\r\n  box-sizing: border-box;\r\n  background-image: url(#icon-world);\r\n}\r\n\r\n.world svg {\r\n  width: 4em; height: 1em;\r\n  margin-top: calc(-2px + -0.05em);\r\n  display: inline;\r\n  animation: world-scroll 3s linear infinite;\r\n}\r\n\r\n@keyframes world-scroll {\r\n  from { margin-left: -2.75em; }\r\n  to { margin-left: -1em; }\r\n}\r\n<\/style>\t\t\t\t<\/div>\n\t\t\t\t<\/div>\n\t\t\t\t<\/div>\n\t\t<div class=\"elementor-element elementor-element-e2dae2c e-con-full e-flex e-con e-child\" data-id=\"e2dae2c\" data-element_type=\"container\" data-e-type=\"container\">\n\t\t\t\t<div class=\"elementor-element elementor-element-ff5cf7c elementor-widget elementor-widget-heading\" data-id=\"ff5cf7c\" data-element_type=\"widget\" data-e-type=\"widget\" data-widget_type=\"heading.default\">\n\t\t\t\t<div class=\"elementor-widget-container\">\n\t\t\t\t\t<h6 class=\"elementor-heading-title elementor-size-default\">Fast Supply from Production to the Whole World\n<\/h6>\t\t\t\t<\/div>\n\t\t\t\t<\/div>\n\t\t\t\t<div class=\"elementor-element elementor-element-a9cf136 elementor-widget elementor-widget-text-editor\" data-id=\"a9cf136\" data-element_type=\"widget\" data-e-type=\"widget\" data-widget_type=\"text-editor.default\">\n\t\t\t\t<div class=\"elementor-widget-container\">\n\t\t\t\t\t\t\t\t\tWe export to many countries thanks to the combination of high quality and reasonable prices. \n\n\t\t\t\t\t\t\t\t<\/div>\n\t\t\t\t<\/div>\n\t\t\t\t<\/div>\n\t\t<div class=\"elementor-element elementor-element-ea09057 e-flex e-con-boxed e-con e-child\" data-id=\"ea09057\" data-element_type=\"container\" data-e-type=\"container\">\n\t\t\t\t\t<div class=\"e-con-inner\">\n\t\t\t\t<div class=\"elementor-element elementor-element-e688674 elementor-widget elementor-widget-ld_button\" data-id=\"e688674\" data-element_type=\"widget\" data-e-type=\"widget\" data-widget_type=\"ld_button.default\">\n\t\t\t\t<div class=\"elementor-widget-container\">\n\t\t\t\t\t\n\t\t\t<a\n\t\t\t\thref=\"https:\/\/alustorealuminyum.com\/en\/iletisim\/\"class=\"elementor-button btn btn-solid btn-xsm btn-icon-shaped btn-has-label\"\t\t\t>\n\t\t\t\t\t\t\t\t\t<span data-text=\"Export \u0130leti\u015fim\" class=\"btn-txt\">\n\t\t\t\t\t\tExport Contact\t\t\t\t\t<\/span>\n\t\t\t\t\t\t\t\t\t\t\t<\/a>\n\t\t\t\t\t\t\t<\/div>\n\t\t\t\t<\/div>\n\t\t\t\t\t<\/div>\n\t\t\t\t<\/div>\n\t\t\t\t\t<\/div>\n\t\t\t\t<\/div>\n\t\t\t\t<\/div>\n\t\t<div class=\"elementor-element elementor-element-e1962e1 e-flex e-con-boxed e-con e-parent\" data-id=\"e1962e1\" data-element_type=\"container\" data-e-type=\"container\" data-settings=\"{&quot;background_background&quot;:&quot;classic&quot;}\">\n\t\t\t\t\t<div class=\"e-con-inner\">\n\t\t<div class=\"elementor-element elementor-element-94cb83c e-con-full e-flex e-con e-child\" data-id=\"94cb83c\" data-element_type=\"container\" data-e-type=\"container\">\n\t\t\t\t<div class=\"elementor-element elementor-element-c1eda36 elementor-align-left elementor-widget elementor-widget-ld_icon_box\" data-id=\"c1eda36\" data-element_type=\"widget\" data-e-type=\"widget\" data-widget_type=\"ld_icon_box.default\">\n\t\t\t\t<div class=\"elementor-widget-container\">\n\t\t\t\t\t\n\t\t\t<div id=\"ld_icon_box_c1eda36\" class=\"iconbox d-flex flex-grow-1 pos-rel iconbox-side\"   >\n\n\t\t\t\t\n\t\t\t\t<div class=\"iconbox-icon-wrap\"><div class=\"iconbox-icon-container d-inline-flex\"><svg aria-hidden=\"true\" class=\"e-font-icon-svg e-fas-check-circle\" viewbox=\"0 0 512 512\" xmlns=\"http:\/\/www.w3.org\/2000\/svg\"><path d=\"M504 256c0 136.967-111.033 248-248 248S8 392.967 8 256 119.033 8 256 8s248 111.033 248 248zM227.314 387.314l184-184c6.248-6.248 6.248-16.379 0-22.627l-22.627-22.627c-6.248-6.249-16.379-6.249-22.628 0L216 308.118l-70.059-70.059c-6.248-6.248-16.379-6.248-22.628 0l-22.627 22.627c-6.248 6.248-6.248 16.379 0 22.627l104 104c6.249 6.249 16.379 6.249 22.628.001z\"><\/path><\/svg><\/div><\/div>\n\t\t\t\t\n\t\t\t\t<div class=\"contents\">\n\t\t\t\t\n\t\t\t\t<h3 class=\"lqd-iconbox-heading\" >Professional Service\n <\/h3>\t\t\t\t<p>Sectors we serve; It supplies aluminum profiles in many sectors, from the construction and building sectors to the industrial sectors.\n\n<\/p>\n\t\t\t\t\n\t\t\t\t<\/div>\n\t\t\t\t\n\t\t\t<\/div>\n\n\t\t\t\t\t\t<\/div>\n\t\t\t\t<\/div>\n\t\t\t\t<\/div>\n\t\t<div class=\"elementor-element elementor-element-204918e e-con-full e-flex e-con e-child\" data-id=\"204918e\" data-element_type=\"container\" data-e-type=\"container\">\n\t\t\t\t<div class=\"elementor-element elementor-element-928ed8e elementor-align-left elementor-widget elementor-widget-ld_icon_box\" data-id=\"928ed8e\" data-element_type=\"widget\" data-e-type=\"widget\" data-widget_type=\"ld_icon_box.default\">\n\t\t\t\t<div class=\"elementor-widget-container\">\n\t\t\t\t\t\n\t\t\t<div id=\"ld_icon_box_928ed8e\" class=\"iconbox d-flex flex-grow-1 pos-rel iconbox-side\"   >\n\n\t\t\t\t\n\t\t\t\t<div class=\"iconbox-icon-wrap\"><div class=\"iconbox-icon-container d-inline-flex\"><svg aria-hidden=\"true\" class=\"e-font-icon-svg e-fas-check-circle\" viewbox=\"0 0 512 512\" xmlns=\"http:\/\/www.w3.org\/2000\/svg\"><path d=\"M504 256c0 136.967-111.033 248-248 248S8 392.967 8 256 119.033 8 256 8s248 111.033 248 248zM227.314 387.314l184-184c6.248-6.248 6.248-16.379 0-22.627l-22.627-22.627c-6.248-6.249-16.379-6.249-22.628 0L216 308.118l-70.059-70.059c-6.248-6.248-16.379-6.248-22.628 0l-22.627 22.627c-6.248 6.248-6.248 16.379 0 22.627l104 104c6.249 6.249 16.379 6.249 22.628.001z\"><\/path><\/svg><\/div><\/div>\n\t\t\t\t\n\t\t\t\t<div class=\"contents\">\n\t\t\t\t\n\t\t\t\t<h3 class=\"lqd-iconbox-heading\" >World Class Production\n <\/h3>\t\t\t\t<p>Our quality system is secured by ISO 9001:2015. Our surface types are divided into three groups: pressed, anodized and static painted.\n\n<\/p>\n\t\t\t\t\n\t\t\t\t<\/div>\n\t\t\t\t\n\t\t\t<\/div>\n\n\t\t\t\t\t\t<\/div>\n\t\t\t\t<\/div>\n\t\t\t\t<\/div>\n\t\t<div class=\"elementor-element elementor-element-4ad9d1f e-con-full e-flex e-con e-child\" data-id=\"4ad9d1f\" data-element_type=\"container\" data-e-type=\"container\">\n\t\t\t\t<div class=\"elementor-element elementor-element-3f4a0fc elementor-align-left elementor-widget elementor-widget-ld_icon_box\" data-id=\"3f4a0fc\" data-element_type=\"widget\" data-e-type=\"widget\" data-widget_type=\"ld_icon_box.default\">\n\t\t\t\t<div class=\"elementor-widget-container\">\n\t\t\t\t\t\n\t\t\t<div id=\"ld_icon_box_3f4a0fc\" class=\"iconbox d-flex flex-grow-1 pos-rel iconbox-side\"   >\n\n\t\t\t\t\n\t\t\t\t<div class=\"iconbox-icon-wrap\"><div class=\"iconbox-icon-container d-inline-flex\"><svg aria-hidden=\"true\" class=\"e-font-icon-svg e-fas-check-circle\" viewbox=\"0 0 512 512\" xmlns=\"http:\/\/www.w3.org\/2000\/svg\"><path d=\"M504 256c0 136.967-111.033 248-248 248S8 392.967 8 256 119.033 8 256 8s248 111.033 248 248zM227.314 387.314l184-184c6.248-6.248 6.248-16.379 0-22.627l-22.627-22.627c-6.248-6.249-16.379-6.249-22.628 0L216 308.118l-70.059-70.059c-6.248-6.248-16.379-6.248-22.628 0l-22.627 22.627c-6.248 6.248-6.248 16.379 0 22.627l104 104c6.249 6.249 16.379 6.249 22.628.001z\"><\/path><\/svg><\/div><\/div>\n\t\t\t\t\n\t\t\t\t<div class=\"contents\">\n\t\t\t\t\n\t\t\t\t<h3 class=\"lqd-iconbox-heading\" >High Capacity\n <\/h3>\t\t\t\t<p>While our current production system offers customer-specific profile production options, it also provides the opportunity to perform all kinds of mechanical operations on these specially produced products in line with the demands.\n\n<\/p>\n\t\t\t\t\n\t\t\t\t<\/div>\n\t\t\t\t\n\t\t\t<\/div>\n\n\t\t\t\t\t\t<\/div>\n\t\t\t\t<\/div>\n\t\t\t\t<\/div>\n\t\t\t\t\t<\/div>\n\t\t\t\t<\/div>\n\t\t<div class=\"elementor-element elementor-element-fd8a612 e-flex e-con-boxed e-con e-parent\" data-id=\"fd8a612\" data-element_type=\"container\" data-e-type=\"container\">\n\t\t\t\t\t<div class=\"e-con-inner\">\n\t\t<div class=\"elementor-element elementor-element-77cb5c3 e-con-full e-flex e-con e-child\" data-id=\"77cb5c3\" data-element_type=\"container\" data-e-type=\"container\">\n\t\t\t\t<div class=\"elementor-element elementor-element-dc06b6a elementor-widget elementor-widget-image\" data-id=\"dc06b6a\" data-element_type=\"widget\" data-e-type=\"widget\" data-widget_type=\"image.default\">\n\t\t\t\t<div class=\"elementor-widget-container\">\n\t\t\t\t\t\t\t\t\t\t\t\t\t\t\t<img decoding=\"async\" width=\"780\" height=\"800\" src=\"data:image\/svg+xml;charset=utf-8,%3Csvg xmlns%3D&#039;http%3A%2F%2Fwww.w3.org%2F2000%2Fsvg&#039; viewBox%3D&#039;0 0 998 1024&#039;%2F%3E\" class=\"attachment-large size-large wp-image-11002 ld-lazyload\" alt=\"\" data-src=\"https:\/\/alustorealuminyum.com\/wp-content\/uploads\/2024\/07\/mekanik2-998x1024.jpg\" data-srcset=\"https:\/\/alustorealuminyum.com\/wp-content\/uploads\/2024\/07\/mekanik2-998x1024.jpg 998w, https:\/\/alustorealuminyum.com\/wp-content\/uploads\/2024\/07\/mekanik2-292x300.jpg 292w, https:\/\/alustorealuminyum.com\/wp-content\/uploads\/2024\/07\/mekanik2-12x12.jpg 12w, https:\/\/alustorealuminyum.com\/wp-content\/uploads\/2024\/07\/mekanik2-600x616.jpg 600w, https:\/\/alustorealuminyum.com\/wp-content\/uploads\/2024\/07\/mekanik2.jpg 1024w\" data-sizes=\"(max-width: 780px) 100vw, 780px\" data-aspect=\"0.974609375\" \/>\t\t\t\t\t\t\t\t\t\t\t\t\t\t\t<\/div>\n\t\t\t\t<\/div>\n\t\t\t\t<\/div>\n\t\t<div class=\"elementor-element elementor-element-0811934 e-con-full e-flex e-con e-child\" data-id=\"0811934\" data-element_type=\"container\" data-e-type=\"container\">\n\t\t\t\t<div class=\"elementor-element elementor-element-070ce7a elementor-widget__width-initial elementor-widget elementor-widget-text-editor\" data-id=\"070ce7a\" data-element_type=\"widget\" data-e-type=\"widget\" data-widget_type=\"text-editor.default\">\n\t\t\t\t<div class=\"elementor-widget-container\">\n\t\t\t\t\t\t\t\t\tALUMINUM EXTRUSION PRODUCTS\n\t\t\t\t\t\t\t\t<\/div>\n\t\t\t\t<\/div>\n\t\t\t\t<div class=\"elementor-element elementor-element-3f5df06 elementor-widget elementor-widget-heading\" data-id=\"3f5df06\" data-element_type=\"widget\" data-e-type=\"widget\" data-widget_type=\"heading.default\">\n\t\t\t\t<div class=\"elementor-widget-container\">\n\t\t\t\t\t<h2 class=\"elementor-heading-title elementor-size-default\">Fully Equipped Production Facility\n<\/h2>\t\t\t\t<\/div>\n\t\t\t\t<\/div>\n\t\t\t\t<div class=\"elementor-element elementor-element-575be6d elementor-widget elementor-widget-text-editor\" data-id=\"575be6d\" data-element_type=\"widget\" data-e-type=\"widget\" data-widget_type=\"text-editor.default\">\n\t\t\t\t<div class=\"elementor-widget-container\">\n\t\t\t\t\t\t\t\t\t<p>In our Mechanical Processing department, we can perform the following processes<\/p><ul><li>CNC Machining<\/li><li>Cutting<\/li><li>Punch<\/li><li>Drilling, Multiple Drilling<\/li><li>Countersinking<\/li><li>Bending<\/li><li>Special Packaging (Boxing, Labeling, Shrink Wrapping, etc.)<\/li><\/ul>\t\t\t\t\t\t\t\t<\/div>\n\t\t\t\t<\/div>\n\t\t\t\t<\/div>\n\t\t\t\t\t<\/div>\n\t\t\t\t<\/div>\n\t\t\t\t<\/div>","protected":false},"excerpt":{"rendered":"<p>ALUM\u0130NYUM EKSTR\u00dcZYON \u00dcR\u00dcNLER\u0130 Hakk\u0131m\u0131zda 2001 y\u0131l\u0131nda kurulmu\u015f olan Alustore Al\u00fcminyum, T\u00fcrkiye\u2019de faaliyet g\u00f6steren al\u00fcminyum profil \u00fcreticilerinden biridir. \u015eirketimizin y\u0131ll\u0131k kapasitesi, ekstr\u00fczyonda 8.500 ton olup, \u00fcretimde hedefimiz, en iyi kaliteyi en rekabet\u00e7i fiyatlarla m\u00fc\u015fterilerimize sunmakt\u0131r. Bu hedef do\u011frultusunda sekt\u00f6r\u00fcn en h\u0131zl\u0131 b\u00fcy\u00fcyen firmalar\u0131 aras\u0131nda yer almaya devam ediyoruz.YETK\u0130NL\u0130KLER\u0130M\u0130Z \u00dcretim Faliyetleri \u00dcretim faaliyetlerimizi Gebze tesislerimiz b\u00fcnyesinde yer [&hellip;]<\/p>\n","protected":false},"author":1,"featured_media":0,"parent":0,"menu_order":0,"comment_status":"closed","ping_status":"closed","template":"","meta":{"footnotes":""},"class_list":["post-8958","page","type-page","status-publish","hentry"],"_links":{"self":[{"href":"https:\/\/alustorealuminyum.com\/en\/wp-json\/wp\/v2\/pages\/8958","targetHints":{"allow":["GET"]}}],"collection":[{"href":"https:\/\/alustorealuminyum.com\/en\/wp-json\/wp\/v2\/pages"}],"about":[{"href":"https:\/\/alustorealuminyum.com\/en\/wp-json\/wp\/v2\/types\/page"}],"author":[{"embeddable":true,"href":"https:\/\/alustorealuminyum.com\/en\/wp-json\/wp\/v2\/users\/1"}],"replies":[{"embeddable":true,"href":"https:\/\/alustorealuminyum.com\/en\/wp-json\/wp\/v2\/comments?post=8958"}],"version-history":[{"count":10,"href":"https:\/\/alustorealuminyum.com\/en\/wp-json\/wp\/v2\/pages\/8958\/revisions"}],"predecessor-version":[{"id":11017,"href":"https:\/\/alustorealuminyum.com\/en\/wp-json\/wp\/v2\/pages\/8958\/revisions\/11017"}],"wp:attachment":[{"href":"https:\/\/alustorealuminyum.com\/en\/wp-json\/wp\/v2\/media?parent=8958"}],"curies":[{"name":"wp","href":"https:\/\/api.w.org\/{rel}","templated":true}]}}