{"id":10276,"date":"2024-06-06T08:27:28","date_gmt":"2024-06-06T08:27:28","guid":{"rendered":"https:\/\/alustorealuminyum.com\/?page_id=10276"},"modified":"2024-06-10T14:43:32","modified_gmt":"2024-06-10T14:43:32","slug":"misyon-vizyon","status":"publish","type":"page","link":"https:\/\/alustorealuminyum.com\/fr\/misyon-vizyon\/","title":{"rendered":"Misyon &#038; Vizyon"},"content":{"rendered":"<div data-elementor-type=\"wp-page\" data-elementor-id=\"10276\" class=\"elementor elementor-10276\">\n\t\t\t\t<div class=\"elementor-element elementor-element-e10cc9f e-flex e-con-boxed e-con e-parent\" data-id=\"e10cc9f\" data-element_type=\"container\" data-e-type=\"container\">\n\t\t\t\t\t<div class=\"e-con-inner\">\n\t\t\t\t<div class=\"elementor-element elementor-element-2dfc247 elementor-widget__width-initial elementor-widget elementor-widget-text-editor\" data-id=\"2dfc247\" data-element_type=\"widget\" data-e-type=\"widget\" data-widget_type=\"text-editor.default\">\n\t\t\t\t<div class=\"elementor-widget-container\">\n\t\t\t\t\t\t\t\t\tALUM\u0130NYUM EKSTR\u00dcZYON \u00dcR\u00dcNLER\u0130\n\t\t\t\t\t\t\t\t<\/div>\n\t\t\t\t<\/div>\n\t\t\t\t<div class=\"elementor-element elementor-element-8549c17 elementor-widget elementor-widget-heading\" data-id=\"8549c17\" data-element_type=\"widget\" data-e-type=\"widget\" data-widget_type=\"heading.default\">\n\t\t\t\t<div class=\"elementor-widget-container\">\n\t\t\t\t\t<h2 class=\"elementor-heading-title elementor-size-default\">Kalite Politikas\u0131\n<\/h2>\t\t\t\t<\/div>\n\t\t\t\t<\/div>\n\t\t\t\t<div class=\"elementor-element elementor-element-68aca44 elementor-widget elementor-widget-text-editor\" data-id=\"68aca44\" data-element_type=\"widget\" data-e-type=\"widget\" data-widget_type=\"text-editor.default\">\n\t\t\t\t<div class=\"elementor-widget-container\">\n\t\t\t\t\t\t\t\t\t<p class=\"translation-block\">\u2013 \u00d6ncelikli hedefimiz \u00fcretti\u011fimiz \u00fcr\u00fcnlerde m\u00fc\u015fterilerimizin ilk tercihi olmakt\u0131r.<br><br>\u2013 Stratejimiz, hedefimiz do\u011frultusunda m\u00fc\u015fterilerimizin talebine uygun hatta onlar\u0131n beklentilerinin \u00f6n\u00fcnde \u00e7\u00f6z\u00fcmler getiren ve s\u00fcrekli iyile\u015ftirme i\u00e7eren \u00fcr\u00fcnler \u00fcretmek ve bu \u00fcretime uygun alt yap\u0131m\u0131z\u0131 s\u00fcrekli geli\u015ftirmektir.<br><br>\u2013 G\u00fcc\u00fcm\u00fcz\u00fc, g\u00fc\u00e7l\u00fc m\u00fchendislik yap\u0131m\u0131zdan, d\u00fcnyadaki geli\u015fmeleri takip etmemizden ve INOVASYON odakl\u0131 yap\u0131m\u0131zdan almaktay\u0131z.<\/p>\t\t\t\t\t\t\t\t<\/div>\n\t\t\t\t<\/div>\n\t\t\t\t\t<\/div>\n\t\t\t\t<\/div>\n\t\t<div class=\"elementor-element elementor-element-637de4c e-flex e-con-boxed e-con e-parent\" data-id=\"637de4c\" data-element_type=\"container\" data-e-type=\"container\">\n\t\t\t\t\t<div class=\"e-con-inner\">\n\t\t<div class=\"elementor-element elementor-element-cb36a10 e-con-full e-flex e-con e-child\" data-id=\"cb36a10\" data-element_type=\"container\" data-e-type=\"container\">\n\t\t\t\t<div class=\"elementor-element elementor-element-c2ccb69 elementor-widget__width-initial elementor-widget elementor-widget-text-editor\" data-id=\"c2ccb69\" data-element_type=\"widget\" data-e-type=\"widget\" data-widget_type=\"text-editor.default\">\n\t\t\t\t<div class=\"elementor-widget-container\">\n\t\t\t\t\t\t\t\t\tALUM\u0130NYUM EKSTR\u00dcZYON \u00dcR\u00dcNLER\u0130\n\t\t\t\t\t\t\t\t<\/div>\n\t\t\t\t<\/div>\n\t\t\t\t<div class=\"elementor-element elementor-element-2c36894 elementor-widget elementor-widget-heading\" data-id=\"2c36894\" data-element_type=\"widget\" data-e-type=\"widget\" data-widget_type=\"heading.default\">\n\t\t\t\t<div class=\"elementor-widget-container\">\n\t\t\t\t\t<h2 class=\"elementor-heading-title elementor-size-default\">Misyonumuz\n<\/h2>\t\t\t\t<\/div>\n\t\t\t\t<\/div>\n\t\t\t\t<div class=\"elementor-element elementor-element-e38526c elementor-widget elementor-widget-text-editor\" data-id=\"e38526c\" data-element_type=\"widget\" data-e-type=\"widget\" data-widget_type=\"text-editor.default\">\n\t\t\t\t<div class=\"elementor-widget-container\">\n\t\t\t\t\t\t\t\t\t<p class=\"translation-block\">\u2013 M\u00fc\u015fteri memnuniyetini her \u015feyin \u00fczerinde tutmak.<br>\u2013 De\u011fi\u015fime ve geli\u015fime a\u00e7\u0131k olmak.<br>\u2013 Yapt\u0131\u011f\u0131 i\u015fte en iyisini ger\u00e7ekle\u015ftirdi\u011fine dair inan\u00e7l\u0131 ve hevesli olmak.<br>\u2013 En \u00f6nemli sermayemizin insan kayna\u011f\u0131 oldu\u011funu unutmamak.<br>\u2013 S\u00fcrekli geli\u015fmek i\u00e7in fon, maddi kaynak ve nitelikli i\u015f g\u00fcc\u00fc yaratmak.<br>\u2013 \u0130\u015fimizle ilgili \u00fcst\u00fcn bir etik ve moral anlay\u0131\u015fa sahip olmak.<br>\u2013 \u015eirketimizin i\u015f k\u00fclt\u00fcr\u00fcn\u00fcn, itibar\u0131n\u0131n ve ideallerinin, ki\u015fisel kazan\u00e7lar\u0131m\u0131z\u0131n \u00f6n\u00fcnde geldi\u011fini bilmek.<br>\u2013 Ast-\u00fcst ili\u015fkilerinde ho\u015fg\u00f6r\u00fc ve ideallere sayg\u0131 g\u00f6stermek.<\/p>\t\t\t\t\t\t\t\t<\/div>\n\t\t\t\t<\/div>\n\t\t\t\t<\/div>\n\t\t<div class=\"elementor-element elementor-element-d927067 e-con-full e-flex e-con e-child\" data-id=\"d927067\" data-element_type=\"container\" data-e-type=\"container\">\n\t\t\t\t<div class=\"elementor-element elementor-element-ec6de2e elementor-widget__width-initial elementor-widget elementor-widget-text-editor\" data-id=\"ec6de2e\" data-element_type=\"widget\" data-e-type=\"widget\" data-widget_type=\"text-editor.default\">\n\t\t\t\t<div class=\"elementor-widget-container\">\n\t\t\t\t\t\t\t\t\tALUM\u0130NYUM EKSTR\u00dcZYON \u00dcR\u00dcNLER\u0130\n\t\t\t\t\t\t\t\t<\/div>\n\t\t\t\t<\/div>\n\t\t\t\t<div class=\"elementor-element elementor-element-ee538fb elementor-widget elementor-widget-heading\" data-id=\"ee538fb\" data-element_type=\"widget\" data-e-type=\"widget\" data-widget_type=\"heading.default\">\n\t\t\t\t<div class=\"elementor-widget-container\">\n\t\t\t\t\t<h2 class=\"elementor-heading-title elementor-size-default\">Vizyonumuz\n<\/h2>\t\t\t\t<\/div>\n\t\t\t\t<\/div>\n\t\t\t\t<div class=\"elementor-element elementor-element-a9eb9b5 elementor-widget elementor-widget-text-editor\" data-id=\"a9eb9b5\" data-element_type=\"widget\" data-e-type=\"widget\" data-widget_type=\"text-editor.default\">\n\t\t\t\t<div class=\"elementor-widget-container\">\n\t\t\t\t\t\t\t\t\t<p>\u2013 Hizmet Kalitesi ve g\u00fcvenirli\u011finin, insanlar\u0131n hayat\u0131 ve yap\u0131lar\u0131n\u0131n \u00f6mr\u00fc ile ba\u011flant\u0131l\u0131 oldu\u011funun bilinci ile \u00e7al\u0131\u015fmak.<br \/>\u2013 \u00dcr\u00fcn ve hizmetlerimizde ahlaki kaliteyi en \u00fcstte tutarak prensiplerimizden asla \u00f6d\u00fcn vermeden kullan\u0131\u015fl\u0131 ve y\u00fcksek kaliteli binalar ve ya\u015fam alanlar\u0131 \u00fcretmek.<br \/>\u2013 \u015eirketimizin b\u00fct\u00fcn maddi ve manevi kaynaklar\u0131n\u0131 ve yeteneklerini, m\u00fckemmelli\u011fe eri\u015fmek i\u00e7in s\u00fcrekli canl\u0131 tutmak, t\u00fcm g\u00fcc\u00fcm\u00fcz\u00fc en iyi hizmet i\u00e7in seferber etmek.<br \/>\u2013 %100 M\u00fc\u015fteri mutlulu\u011fu sa\u011flamak.<\/p>\t\t\t\t\t\t\t\t<\/div>\n\t\t\t\t<\/div>\n\t\t\t\t<\/div>\n\t\t\t\t\t<\/div>\n\t\t\t\t<\/div>\n\t\t\t\t<\/div>","protected":false},"excerpt":{"rendered":"<p>ALUM\u0130NYUM EKSTR\u00dcZYON \u00dcR\u00dcNLER\u0130 Kalite Politikas\u0131 \u2013 \u00d6ncelikli hedefimiz \u00fcretti\u011fimiz \u00fcr\u00fcnlerde m\u00fc\u015fterilerimizin ilk tercihi olmakt\u0131r. \u2013 Stratejimiz, hedefimiz do\u011frultusunda m\u00fc\u015fterilerimizin talebine uygun hatta onlar\u0131n beklentilerinin \u00f6n\u00fcnde \u00e7\u00f6z\u00fcmler getiren ve s\u00fcrekli iyile\u015ftirme i\u00e7eren \u00fcr\u00fcnler \u00fcretmek ve bu \u00fcretime uygun alt yap\u0131m\u0131z\u0131 s\u00fcrekli geli\u015ftirmektir. \u2013 G\u00fcc\u00fcm\u00fcz\u00fc, g\u00fc\u00e7l\u00fc m\u00fchendislik yap\u0131m\u0131zdan, d\u00fcnyadaki geli\u015fmeleri takip etmemizden ve INOVASYON odakl\u0131 yap\u0131m\u0131zdan almaktay\u0131z. [&hellip;]<\/p>\n","protected":false},"author":1,"featured_media":0,"parent":0,"menu_order":0,"comment_status":"closed","ping_status":"closed","template":"","meta":{"footnotes":""},"class_list":["post-10276","page","type-page","status-publish","hentry"],"_links":{"self":[{"href":"https:\/\/alustorealuminyum.com\/fr\/wp-json\/wp\/v2\/pages\/10276","targetHints":{"allow":["GET"]}}],"collection":[{"href":"https:\/\/alustorealuminyum.com\/fr\/wp-json\/wp\/v2\/pages"}],"about":[{"href":"https:\/\/alustorealuminyum.com\/fr\/wp-json\/wp\/v2\/types\/page"}],"author":[{"embeddable":true,"href":"https:\/\/alustorealuminyum.com\/fr\/wp-json\/wp\/v2\/users\/1"}],"replies":[{"embeddable":true,"href":"https:\/\/alustorealuminyum.com\/fr\/wp-json\/wp\/v2\/comments?post=10276"}],"version-history":[{"count":7,"href":"https:\/\/alustorealuminyum.com\/fr\/wp-json\/wp\/v2\/pages\/10276\/revisions"}],"predecessor-version":[{"id":10506,"href":"https:\/\/alustorealuminyum.com\/fr\/wp-json\/wp\/v2\/pages\/10276\/revisions\/10506"}],"wp:attachment":[{"href":"https:\/\/alustorealuminyum.com\/fr\/wp-json\/wp\/v2\/media?parent=10276"}],"curies":[{"name":"wp","href":"https:\/\/api.w.org\/{rel}","templated":true}]}}